{"id":26340,"date":"2025-01-14T16:07:37","date_gmt":"2025-01-14T16:07:37","guid":{"rendered":"https:\/\/enipau.ro\/produs\/uncategorized\/azobe-exotisches-holz\/"},"modified":"2025-01-14T16:07:37","modified_gmt":"2025-01-14T16:07:37","slug":"azobe-exotisches-holz","status":"publish","type":"product","link":"https:\/\/enipau.ro\/ch\/produkt\/exotisches-holz\/azobe-exotisches-holz\/","title":{"rendered":"Azobe exotisches Holz"},"content":{"rendered":"<div class=\"flex max-w-full flex-col flex-grow\">\n<div class=\"min-h-8 text-message flex w-full flex-col items-end gap-2 whitespace-normal break-words text-start [.text-message+&amp;]:mt-5\" dir=\"auto\" data-message-author-role=\"assistant\" data-message-id=\"f9cb7788-7faa-42ac-bf3b-7fe6671ea152\" data-message-model-slug=\"gpt-4o-mini\">\n<div class=\"flex w-full flex-col gap-1 empty:hidden first:pt-[3px]\">\n<div class=\"markdown prose w-full break-words dark:prose-invert dark\">\n<p><strong>Merkmale:<\/strong><\/p>\n<ul>\n<li><strong>Farbe:<\/strong> Duramen rotbraun oder dunkelbraun, mit helleren Schattierungen um das Splintholz.<\/li>\n<li><strong>Textur:<\/strong> Fein, mit einer dichten und gleichm\u00e4\u00dfigen Struktur.<\/li>\n<li><strong>Eigenschaften:<\/strong> Das Holz ist sehr dicht und langlebig mit hervorragender Widerstandsf\u00e4higkeit gegen Abnutzung und extreme Wetterbedingungen.<\/li>\n<\/ul>\n<p><strong>Wichtigste Verwendungszwecke:<\/strong><\/p>\n<ul>\n<li><strong>Konstruktionen im Au\u00dfenbereich:<\/strong> Br\u00fcckenbauwerke, Pylone, Eisenbahnschienen, maritime Konstruktionen.<\/li>\n<li><strong>Industrie:<\/strong> Herstellung von dauerhaften M\u00f6beln, Treppen, T\u00fcren und Bauelementen.<\/li>\n<li><strong>Andere Verwendungszwecke:<\/strong> Verkleidungen, Bodenbel\u00e4ge, St\u00fctzkonstruktionen in feuchten oder nassen Bereichen.<\/li>\n<\/ul>\n<p>Azobe ist die ideale Wahl f\u00fcr Anwendungen, die ein extrem starkes und stabiles Holz erfordern, das sich perfekt f\u00fcr raue Bedingungen und langfristige Nutzung eignet.<\/p>\n<\/div>\n<\/div>\n<\/div>\n<\/div>\n","protected":false},"excerpt":{"rendered":"<p>Trockenes, bes\u00e4umtes, exotisches Holz der Klasse A. Exotische H\u00f6lzer sind eine erstklassige Wahl, perfekt f\u00fcr Projekte, die Qualit\u00e4t mit \u00c4sthetik verbinden. Azobe, das in Zentral- und Westafrika beheimatet ist, ist ein extrem dauerhaftes und strapazierf\u00e4higes Holz, das f\u00fcr seine Dimensionsstabilit\u00e4t bekannt ist. Der Baum w\u00e4chst zu gro\u00dfen Dimensionen mit geraden, zylindrischen St\u00e4mmen heran und das Holz hat eine r\u00f6tlich-braune oder dunkelbraune Farbe mit helleren Schattierungen auf der Au\u00dfenseite.<\/p>\n","protected":false},"featured_media":26341,"comment_status":"closed","ping_status":"closed","template":"","meta":{"_acf_changed":false},"product_brand":[],"product_cat":[2351],"product_tag":[],"class_list":{"0":"post-26340","1":"product","2":"type-product","3":"status-publish","4":"has-post-thumbnail","6":"product_cat-exotisches-holz","8":"first","9":"instock","10":"taxable","11":"shipping-taxable","12":"purchasable","13":"product-type-variable"},"acf":[],"_links":{"self":[{"href":"https:\/\/enipau.ro\/ch\/wp-json\/wp\/v2\/product\/26340","targetHints":{"allow":["GET"]}}],"collection":[{"href":"https:\/\/enipau.ro\/ch\/wp-json\/wp\/v2\/product"}],"about":[{"href":"https:\/\/enipau.ro\/ch\/wp-json\/wp\/v2\/types\/product"}],"replies":[{"embeddable":true,"href":"https:\/\/enipau.ro\/ch\/wp-json\/wp\/v2\/comments?post=26340"}],"wp:featuredmedia":[{"embeddable":true,"href":"https:\/\/enipau.ro\/ch\/wp-json\/wp\/v2\/media\/26341"}],"wp:attachment":[{"href":"https:\/\/enipau.ro\/ch\/wp-json\/wp\/v2\/media?parent=26340"}],"wp:term":[{"taxonomy":"product_brand","embeddable":true,"href":"https:\/\/enipau.ro\/ch\/wp-json\/wp\/v2\/product_brand?post=26340"},{"taxonomy":"product_cat","embeddable":true,"href":"https:\/\/enipau.ro\/ch\/wp-json\/wp\/v2\/product_cat?post=26340"},{"taxonomy":"product_tag","embeddable":true,"href":"https:\/\/enipau.ro\/ch\/wp-json\/wp\/v2\/product_tag?post=26340"}],"curies":[{"name":"wp","href":"https:\/\/api.w.org\/{rel}","templated":true}]}}