{"id":26507,"date":"2025-01-14T16:03:00","date_gmt":"2025-01-14T16:03:00","guid":{"rendered":"https:\/\/enipau.ro\/produs\/uncategorized\/exotenholz-meranti-dunkelrot-duc\/"},"modified":"2025-01-14T16:03:00","modified_gmt":"2025-01-14T16:03:00","slug":"exotenholz-meranti-dunkelrot-duc","status":"publish","type":"product","link":"https:\/\/enipau.ro\/ch\/produkt\/exotisches-holz\/exotenholz-meranti-dunkelrot-duc\/","title":{"rendered":"Exotenholz Meranti Dunkelrot DUC"},"content":{"rendered":"<p><strong>Wichtige Merkmale:<\/strong><\/p>\n<ul>\n<li><strong>Farbe:<\/strong> Gelblich-graues Eiklar und r\u00f6tlich-braunes Kernholz, mit einer glatten, leicht gewellten, aber leicht dekorativen Textur.<\/li>\n<li><strong>Eigenschaften:<\/strong> leicht zu verarbeiten, obwohl das Wachstum bei Rotation schwierig sein kann und das Holz anf\u00e4llig f\u00fcr Risse ist.<\/li>\n<\/ul>\n<p><strong>Wichtigste Verwendungszwecke:<\/strong><\/p>\n<ul>\n<li><strong>Fenster und T\u00fcren:<\/strong> die ideale Wahl f\u00fcr Stabilit\u00e4t und Langlebigkeit.<\/li>\n<li><strong>Innen- und Au\u00dfenkonstruktionen:<\/strong> Treppen, Fenster, Rahmenkonstruktionen.<\/li>\n<li><strong>Schifffahrt und Automobilindustrie:<\/strong> Boote, Schiffe, Karosserien und Waggons.<\/li>\n<\/ul>\n<p>Das exotische Holz von Meranti bietet eine hervorragende Balance zwischen Leistung und \u00c4sthetik und ist eine zuverl\u00e4ssige L\u00f6sung f\u00fcr eine Vielzahl von Projekten.<\/p>\n","protected":false},"excerpt":{"rendered":"<p>Trockenes, bes\u00e4umtes, exotisches Holz der G\u00fcteklasse A. Exotische H\u00f6lzer sind eine erstklassige Wahl, perfekt f\u00fcr Projekte, die Qualit\u00e4t mit \u00c4sthetik verbinden. Das exotische Holz Meranti wird f\u00fcr seine Langlebigkeit und Formbest\u00e4ndigkeit gesch\u00e4tzt.   <\/p>\n","protected":false},"featured_media":26497,"comment_status":"closed","ping_status":"closed","template":"","meta":{"_acf_changed":false},"product_brand":[],"product_cat":[2351],"product_tag":[],"class_list":{"0":"post-26507","1":"product","2":"type-product","3":"status-publish","4":"has-post-thumbnail","6":"product_cat-exotisches-holz","8":"first","9":"instock","10":"taxable","11":"shipping-taxable","12":"purchasable","13":"product-type-variable"},"acf":[],"_links":{"self":[{"href":"https:\/\/enipau.ro\/ch\/wp-json\/wp\/v2\/product\/26507","targetHints":{"allow":["GET"]}}],"collection":[{"href":"https:\/\/enipau.ro\/ch\/wp-json\/wp\/v2\/product"}],"about":[{"href":"https:\/\/enipau.ro\/ch\/wp-json\/wp\/v2\/types\/product"}],"replies":[{"embeddable":true,"href":"https:\/\/enipau.ro\/ch\/wp-json\/wp\/v2\/comments?post=26507"}],"wp:featuredmedia":[{"embeddable":true,"href":"https:\/\/enipau.ro\/ch\/wp-json\/wp\/v2\/media\/26497"}],"wp:attachment":[{"href":"https:\/\/enipau.ro\/ch\/wp-json\/wp\/v2\/media?parent=26507"}],"wp:term":[{"taxonomy":"product_brand","embeddable":true,"href":"https:\/\/enipau.ro\/ch\/wp-json\/wp\/v2\/product_brand?post=26507"},{"taxonomy":"product_cat","embeddable":true,"href":"https:\/\/enipau.ro\/ch\/wp-json\/wp\/v2\/product_cat?post=26507"},{"taxonomy":"product_tag","embeddable":true,"href":"https:\/\/enipau.ro\/ch\/wp-json\/wp\/v2\/product_tag?post=26507"}],"curies":[{"name":"wp","href":"https:\/\/api.w.org\/{rel}","templated":true}]}}