{"id":26657,"date":"2024-04-24T09:01:49","date_gmt":"2024-04-24T09:01:49","guid":{"rendered":"https:\/\/enipau.ro\/produs\/uncategorized\/exotisches-zedernholz-e30\/"},"modified":"2024-04-24T09:01:49","modified_gmt":"2024-04-24T09:01:49","slug":"exotisches-zedernholz-e30","status":"publish","type":"product","link":"https:\/\/enipau.ro\/ch\/produkt\/fassade-aus-exotischem-holz\/exotisches-zedernholz-e30\/","title":{"rendered":"Exotisches Zedernholz E30"},"content":{"rendered":"<p>Kanadisches Zedernholz wird f\u00fcr seine Haltbarkeit, St\u00e4rke und \u00c4sthetik gesch\u00e4tzt. Diese Holzart ist f\u00fcr ihre nat\u00fcrliche Widerstandsf\u00e4higkeit gegen F\u00e4ulnis und Insektenbefall bekannt, was sie zu einer beliebten Wahl f\u00fcr Au\u00dfenkonstruktionen wie Z\u00e4une, Pergolen, Terrassen und \u00dcberdachungen macht. Es wird auch h\u00e4ufig f\u00fcr den Bau von M\u00f6beln f\u00fcr den Au\u00dfenbereich sowie f\u00fcr die Verkleidung von W\u00e4nden im Innenbereich verwendet.<\/p>\n","protected":false},"excerpt":{"rendered":"<p>Kanadisches Zedernholz wird f\u00fcr seine Haltbarkeit, St\u00e4rke und \u00c4sthetik gesch\u00e4tzt. Diese Holzart ist f\u00fcr ihre nat\u00fcrliche Widerstandsf\u00e4higkeit gegen F\u00e4ulnis und &hellip; <a href=\"https:\/\/enipau.ro\/ch\/produkt\/fassade-aus-exotischem-holz\/exotisches-zedernholz-e30\/\">Continued<\/a><\/p>\n","protected":false},"featured_media":26658,"comment_status":"closed","ping_status":"closed","template":"","meta":{"_acf_changed":false},"product_brand":[],"product_cat":[2425,2520,2546],"product_tag":[],"class_list":{"0":"post-26657","1":"product","2":"type-product","3":"status-publish","4":"has-post-thumbnail","6":"product_cat-fassade-aus-exotischem-holz","7":"product_cat-holzverkleidung-aussenbereich","8":"product_cat-zedernholz","10":"first","11":"instock","12":"taxable","13":"shipping-taxable","14":"purchasable","15":"product-type-variable"},"acf":[],"_links":{"self":[{"href":"https:\/\/enipau.ro\/ch\/wp-json\/wp\/v2\/product\/26657","targetHints":{"allow":["GET"]}}],"collection":[{"href":"https:\/\/enipau.ro\/ch\/wp-json\/wp\/v2\/product"}],"about":[{"href":"https:\/\/enipau.ro\/ch\/wp-json\/wp\/v2\/types\/product"}],"replies":[{"embeddable":true,"href":"https:\/\/enipau.ro\/ch\/wp-json\/wp\/v2\/comments?post=26657"}],"wp:featuredmedia":[{"embeddable":true,"href":"https:\/\/enipau.ro\/ch\/wp-json\/wp\/v2\/media\/26658"}],"wp:attachment":[{"href":"https:\/\/enipau.ro\/ch\/wp-json\/wp\/v2\/media?parent=26657"}],"wp:term":[{"taxonomy":"product_brand","embeddable":true,"href":"https:\/\/enipau.ro\/ch\/wp-json\/wp\/v2\/product_brand?post=26657"},{"taxonomy":"product_cat","embeddable":true,"href":"https:\/\/enipau.ro\/ch\/wp-json\/wp\/v2\/product_cat?post=26657"},{"taxonomy":"product_tag","embeddable":true,"href":"https:\/\/enipau.ro\/ch\/wp-json\/wp\/v2\/product_tag?post=26657"}],"curies":[{"name":"wp","href":"https:\/\/api.w.org\/{rel}","templated":true}]}}