{"id":26677,"date":"2024-04-24T08:41:02","date_gmt":"2024-04-24T08:41:02","guid":{"rendered":"https:\/\/enipau.ro\/produs\/uncategorized\/exotisches-holz-louro-vermelho-e14\/"},"modified":"2024-04-24T08:41:02","modified_gmt":"2024-04-24T08:41:02","slug":"exotisches-holz-louro-vermelho-e14","status":"publish","type":"product","link":"https:\/\/enipau.ro\/ch\/produkt\/fassade-aus-exotischem-holz\/exotisches-holz-louro-vermelho-e14\/","title":{"rendered":"Exotisches Holz Louro Vermelho E14"},"content":{"rendered":"<p>Das exotische Holz Louro Vermelho, auch bekannt als Louro Faia oder Louro Preto, stammt aus S\u00fcdamerika, insbesondere aus Brasilien. Es wird f\u00fcr seine unverwechselbare Sch\u00f6nheit, seine lebhaften Farben von r\u00f6tlich-braun bis dunkelbraun und seine Schattierungen von violett und schwarz gesch\u00e4tzt.<\/p>\n<p>Dieses Holz wird vor allem in der feinen Tischlerei und im Innenausbau f\u00fcr Fu\u00dfb\u00f6den, Verkleidungen, K\u00fcchenarbeitsplatten, Zierprofile und andere Projekte verwendet, die ein elegantes Aussehen und hohe Haltbarkeit erfordern. Es ist resistent gegen F\u00e4ulnis und Verrottung und eignet sich daher f\u00fcr den Einsatz in feuchten Umgebungen oder unter extremen Bedingungen.<\/p>\n","protected":false},"excerpt":{"rendered":"<p>Das exotische Holz Louro Vermelho, auch bekannt als Louro Faia oder Louro Preto, stammt aus S\u00fcdamerika, insbesondere aus Brasilien. Es &hellip; <a href=\"https:\/\/enipau.ro\/ch\/produkt\/fassade-aus-exotischem-holz\/exotisches-holz-louro-vermelho-e14\/\">Continued<\/a><\/p>\n","protected":false},"featured_media":26678,"comment_status":"closed","ping_status":"closed","template":"","meta":{"_acf_changed":false},"product_brand":[],"product_cat":[2425,2520,2551],"product_tag":[],"class_list":{"0":"post-26677","1":"product","2":"type-product","3":"status-publish","4":"has-post-thumbnail","6":"product_cat-fassade-aus-exotischem-holz","7":"product_cat-holzverkleidung-aussenbereich","8":"product_cat-louro-vermelho-gamel-holz","10":"first","11":"instock","12":"taxable","13":"shipping-taxable","14":"purchasable","15":"product-type-variable"},"acf":[],"_links":{"self":[{"href":"https:\/\/enipau.ro\/ch\/wp-json\/wp\/v2\/product\/26677","targetHints":{"allow":["GET"]}}],"collection":[{"href":"https:\/\/enipau.ro\/ch\/wp-json\/wp\/v2\/product"}],"about":[{"href":"https:\/\/enipau.ro\/ch\/wp-json\/wp\/v2\/types\/product"}],"replies":[{"embeddable":true,"href":"https:\/\/enipau.ro\/ch\/wp-json\/wp\/v2\/comments?post=26677"}],"wp:featuredmedia":[{"embeddable":true,"href":"https:\/\/enipau.ro\/ch\/wp-json\/wp\/v2\/media\/26678"}],"wp:attachment":[{"href":"https:\/\/enipau.ro\/ch\/wp-json\/wp\/v2\/media?parent=26677"}],"wp:term":[{"taxonomy":"product_brand","embeddable":true,"href":"https:\/\/enipau.ro\/ch\/wp-json\/wp\/v2\/product_brand?post=26677"},{"taxonomy":"product_cat","embeddable":true,"href":"https:\/\/enipau.ro\/ch\/wp-json\/wp\/v2\/product_cat?post=26677"},{"taxonomy":"product_tag","embeddable":true,"href":"https:\/\/enipau.ro\/ch\/wp-json\/wp\/v2\/product_tag?post=26677"}],"curies":[{"name":"wp","href":"https:\/\/api.w.org\/{rel}","templated":true}]}}