{"id":26682,"date":"2024-04-24T08:36:27","date_gmt":"2024-04-24T08:36:27","guid":{"rendered":"https:\/\/enipau.ro\/produs\/uncategorized\/ayous-thermo-e7-exotisches-holz\/"},"modified":"2024-04-24T08:36:27","modified_gmt":"2024-04-24T08:36:27","slug":"ayous-thermo-e7-exotisches-holz","status":"publish","type":"product","link":"https:\/\/enipau.ro\/ch\/produkt\/fassade-aus-exotischem-holz\/ayous-thermo-e7-exotisches-holz\/","title":{"rendered":"Ayous Thermo E7 exotisches Holz"},"content":{"rendered":"<p>Ayous-Thermo-Exotenholz bezieht sich auf Ayous-Holz, das einem W\u00e4rmebehandlungsverfahren unterzogen wurde. Ayous-Holz, auch bekannt als Obeche, stammt aus Westafrika, insbesondere aus L\u00e4ndern wie Ghana, der Elfenbeink\u00fcste und Kamerun. Es wird f\u00fcr seine leichte Bearbeitbarkeit und sein gleichm\u00e4\u00dfiges, astfreies Aussehen gesch\u00e4tzt.  <\/p>\n<p>Die Einwirkung hoher Temperaturen ver\u00e4ndert die chemische Struktur des Holzes und verbessert seine Widerstandsf\u00e4higkeit gegen F\u00e4ulnis, Insekten und Feuchtigkeit. Die W\u00e4rmebehandlung kann auch die Farbe des Holzes ver\u00e4ndern, so dass es einen dunkleren, gleichm\u00e4\u00dfigeren Farbton erh\u00e4lt. Ayous Thermo-Holz hat durch die W\u00e4rmebehandlung verbesserte Haltbarkeitseigenschaften und Dimensionsstabilit\u00e4t. Es kann in einer Vielzahl von Anwendungen eingesetzt werden, z. B. im Bauwesen, f\u00fcr Verkleidungen, Fu\u00dfb\u00f6den, dekorative Verkleidungen und vieles mehr.<\/p>\n","protected":false},"excerpt":{"rendered":"<p>Ayous-Thermo-Exotenholz bezieht sich auf Ayous-Holz, das einem W\u00e4rmebehandlungsverfahren unterzogen wurde. Ayous-Holz, auch bekannt als Obeche, stammt aus Westafrika, insbesondere aus &hellip; <a href=\"https:\/\/enipau.ro\/ch\/produkt\/fassade-aus-exotischem-holz\/ayous-thermo-e7-exotisches-holz\/\">Continued<\/a><\/p>\n","protected":false},"featured_media":26683,"comment_status":"closed","ping_status":"closed","template":"","meta":{"_acf_changed":false},"product_brand":[],"product_cat":[2549,2552,2425],"product_tag":[],"class_list":{"0":"post-26682","1":"product","2":"type-product","3":"status-publish","4":"has-post-thumbnail","6":"product_cat-ayous-holz","7":"product_cat-exotische-holzlamellen","8":"product_cat-fassade-aus-exotischem-holz","10":"first","11":"instock","12":"taxable","13":"shipping-taxable","14":"purchasable","15":"product-type-variable"},"acf":[],"_links":{"self":[{"href":"https:\/\/enipau.ro\/ch\/wp-json\/wp\/v2\/product\/26682","targetHints":{"allow":["GET"]}}],"collection":[{"href":"https:\/\/enipau.ro\/ch\/wp-json\/wp\/v2\/product"}],"about":[{"href":"https:\/\/enipau.ro\/ch\/wp-json\/wp\/v2\/types\/product"}],"replies":[{"embeddable":true,"href":"https:\/\/enipau.ro\/ch\/wp-json\/wp\/v2\/comments?post=26682"}],"wp:featuredmedia":[{"embeddable":true,"href":"https:\/\/enipau.ro\/ch\/wp-json\/wp\/v2\/media\/26683"}],"wp:attachment":[{"href":"https:\/\/enipau.ro\/ch\/wp-json\/wp\/v2\/media?parent=26682"}],"wp:term":[{"taxonomy":"product_brand","embeddable":true,"href":"https:\/\/enipau.ro\/ch\/wp-json\/wp\/v2\/product_brand?post=26682"},{"taxonomy":"product_cat","embeddable":true,"href":"https:\/\/enipau.ro\/ch\/wp-json\/wp\/v2\/product_cat?post=26682"},{"taxonomy":"product_tag","embeddable":true,"href":"https:\/\/enipau.ro\/ch\/wp-json\/wp\/v2\/product_tag?post=26682"}],"curies":[{"name":"wp","href":"https:\/\/api.w.org\/{rel}","templated":true}]}}