{"id":26697,"date":"2024-04-24T08:24:21","date_gmt":"2024-04-24T08:24:21","guid":{"rendered":"https:\/\/enipau.ro\/produs\/uncategorized\/frake-thermo-e2-exotisches-holz\/"},"modified":"2024-04-24T08:24:21","modified_gmt":"2024-04-24T08:24:21","slug":"frake-thermo-e2-exotisches-holz","status":"publish","type":"product","link":"https:\/\/enipau.ro\/ch\/produkt\/fassade-aus-exotischem-holz\/frake-thermo-e2-exotisches-holz\/","title":{"rendered":"Frake Thermo E2 exotisches Holz"},"content":{"rendered":"<p>Frake Thermo exotic wood, auch bekannt als w\u00e4rmebehandeltes Frake, ist eine Variante des Frake-Holzes, die einem W\u00e4rmebehandlungsprozess unterzogen wurde. Frake ist in Westafrika beheimatet, insbesondere in L\u00e4ndern wie Ghana, der Elfenbeink\u00fcste und Nigeria. Es wird wegen seiner attraktiven Farbe, seiner gleichm\u00e4\u00dfigen Textur und seiner Resistenz gegen F\u00e4ulnis und Insekten gesch\u00e4tzt. Durch die Einwirkung hoher Temperaturen wird die chemische Struktur des Holzes ver\u00e4ndert, wodurch es widerstandsf\u00e4higer gegen F\u00e4ulnis, Insekten und Feuchtigkeit wird und sich seine Farbe und andere Eigenschaften ver\u00e4ndern.   <\/p>\n<p>Frake Thermo-Holz beh\u00e4lt die nat\u00fcrlichen Eigenschaften von Frake-Holz bei, wie z.B. sein attraktives Aussehen und seine Widerstandsf\u00e4higkeit gegen F\u00e4ulnis und Insekten, w\u00e4hrend das W\u00e4rmebehandlungsverfahren zus\u00e4tzliche Eigenschaften hinzuf\u00fcgt, wie z.B. eine gr\u00f6\u00dfere Dimensionsstabilit\u00e4t und eine bessere Widerstandsf\u00e4higkeit gegen Feuchtigkeits- und Temperaturschwankungen. Dank dieser Kombination von Eigenschaften eignet sich Frake-Thermoholz f\u00fcr eine Vielzahl von Anwendungen, darunter Fu\u00dfb\u00f6den, Wandverkleidungen und andere Projekte, bei denen Holz zum Einsatz kommt. Es wird f\u00fcr seine Langlebigkeit und sein attraktives Aussehen gesch\u00e4tzt und ist daher eine beliebte Wahl f\u00fcr Projekte, die ein exotisches und strapazierf\u00e4higes Holz erfordern.<\/p>\n","protected":false},"excerpt":{"rendered":"<p>Frake Thermo exotic wood, auch bekannt als w\u00e4rmebehandeltes Frake, ist eine Variante des Frake-Holzes, die einem W\u00e4rmebehandlungsprozess unterzogen wurde. Frake &hellip; <a href=\"https:\/\/enipau.ro\/ch\/produkt\/fassade-aus-exotischem-holz\/frake-thermo-e2-exotisches-holz\/\">Continued<\/a><\/p>\n","protected":false},"featured_media":26698,"comment_status":"closed","ping_status":"closed","template":"","meta":{"_acf_changed":false},"product_brand":[],"product_cat":[2552,2425,2554,2520],"product_tag":[],"class_list":{"0":"post-26697","1":"product","2":"type-product","3":"status-publish","4":"has-post-thumbnail","6":"product_cat-exotische-holzlamellen","7":"product_cat-fassade-aus-exotischem-holz","8":"product_cat-frake-holz","9":"product_cat-holzverkleidung-aussenbereich","11":"first","12":"instock","13":"taxable","14":"shipping-taxable","15":"purchasable","16":"product-type-variable"},"acf":[],"_links":{"self":[{"href":"https:\/\/enipau.ro\/ch\/wp-json\/wp\/v2\/product\/26697","targetHints":{"allow":["GET"]}}],"collection":[{"href":"https:\/\/enipau.ro\/ch\/wp-json\/wp\/v2\/product"}],"about":[{"href":"https:\/\/enipau.ro\/ch\/wp-json\/wp\/v2\/types\/product"}],"replies":[{"embeddable":true,"href":"https:\/\/enipau.ro\/ch\/wp-json\/wp\/v2\/comments?post=26697"}],"wp:featuredmedia":[{"embeddable":true,"href":"https:\/\/enipau.ro\/ch\/wp-json\/wp\/v2\/media\/26698"}],"wp:attachment":[{"href":"https:\/\/enipau.ro\/ch\/wp-json\/wp\/v2\/media?parent=26697"}],"wp:term":[{"taxonomy":"product_brand","embeddable":true,"href":"https:\/\/enipau.ro\/ch\/wp-json\/wp\/v2\/product_brand?post=26697"},{"taxonomy":"product_cat","embeddable":true,"href":"https:\/\/enipau.ro\/ch\/wp-json\/wp\/v2\/product_cat?post=26697"},{"taxonomy":"product_tag","embeddable":true,"href":"https:\/\/enipau.ro\/ch\/wp-json\/wp\/v2\/product_tag?post=26697"}],"curies":[{"name":"wp","href":"https:\/\/api.w.org\/{rel}","templated":true}]}}