{"id":26759,"date":"2024-04-23T14:24:22","date_gmt":"2024-04-23T14:24:22","guid":{"rendered":"https:\/\/enipau.ro\/produs\/uncategorized\/gesplitterte-alte-fichte-e61\/"},"modified":"2024-04-23T14:24:22","modified_gmt":"2024-04-23T14:24:22","slug":"gesplitterte-alte-fichte-e61","status":"publish","type":"product","link":"https:\/\/enipau.ro\/ch\/produkt\/gespaltenes-holz\/gesplitterte-alte-fichte-e61\/","title":{"rendered":"Gesplitterte alte Fichte E61"},"content":{"rendered":"<p>Gechiptes Fichtenholz ist eine Holzart, die gealtert und gechipt wurde, um ihr ein rustikales, gealtertes Aussehen zu verleihen. Diese Bearbeitungstechnik ist Teil eines modernen Trends in der Inneneinrichtung und im Bauwesen, wo ein Vintage- oder Industrie-Look angestrebt wird. <\/p>\n<p>Es wird bei der Herstellung von Fu\u00dfb\u00f6den, Akzentw\u00e4nden, M\u00f6beln und anderen Innen- und Au\u00dfengestaltungsprojekten verwendet und verleiht ihnen einen rustikalen Touch. Obwohl der Prozess die Festigkeit des Holzes beeintr\u00e4chtigen kann, sorgen spezielle Behandlungen f\u00fcr Langlebigkeit und Widerstandsf\u00e4higkeit, und die Pflege ist \u00e4hnlich wie bei anderen H\u00f6lzern.<\/p>\n","protected":false},"excerpt":{"rendered":"<p>Gechiptes Fichtenholz ist eine Holzart, die gealtert und gechipt wurde, um ihr ein rustikales, gealtertes Aussehen zu verleihen. Diese Bearbeitungstechnik &hellip; <a href=\"https:\/\/enipau.ro\/ch\/produkt\/gespaltenes-holz\/gesplitterte-alte-fichte-e61\/\">Continued<\/a><\/p>\n","protected":false},"featured_media":26760,"comment_status":"closed","ping_status":"closed","template":"","meta":{"_acf_changed":false},"product_brand":[],"product_cat":[2530,2519,2520,2521],"product_tag":[],"class_list":{"0":"post-26759","1":"product","2":"type-product","3":"status-publish","4":"has-post-thumbnail","6":"product_cat-fichtenholz","7":"product_cat-gespaltenes-holz","8":"product_cat-holzverkleidung-aussenbereich","9":"product_cat-innenverkleidung-holz","11":"first","12":"instock","13":"taxable","14":"shipping-taxable","15":"purchasable","16":"product-type-variable"},"acf":[],"_links":{"self":[{"href":"https:\/\/enipau.ro\/ch\/wp-json\/wp\/v2\/product\/26759","targetHints":{"allow":["GET"]}}],"collection":[{"href":"https:\/\/enipau.ro\/ch\/wp-json\/wp\/v2\/product"}],"about":[{"href":"https:\/\/enipau.ro\/ch\/wp-json\/wp\/v2\/types\/product"}],"replies":[{"embeddable":true,"href":"https:\/\/enipau.ro\/ch\/wp-json\/wp\/v2\/comments?post=26759"}],"wp:featuredmedia":[{"embeddable":true,"href":"https:\/\/enipau.ro\/ch\/wp-json\/wp\/v2\/media\/26760"}],"wp:attachment":[{"href":"https:\/\/enipau.ro\/ch\/wp-json\/wp\/v2\/media?parent=26759"}],"wp:term":[{"taxonomy":"product_brand","embeddable":true,"href":"https:\/\/enipau.ro\/ch\/wp-json\/wp\/v2\/product_brand?post=26759"},{"taxonomy":"product_cat","embeddable":true,"href":"https:\/\/enipau.ro\/ch\/wp-json\/wp\/v2\/product_cat?post=26759"},{"taxonomy":"product_tag","embeddable":true,"href":"https:\/\/enipau.ro\/ch\/wp-json\/wp\/v2\/product_tag?post=26759"}],"curies":[{"name":"wp","href":"https:\/\/api.w.org\/{rel}","templated":true}]}}