{"id":26769,"date":"2024-04-23T14:04:49","date_gmt":"2024-04-23T14:04:49","guid":{"rendered":"https:\/\/enipau.ro\/produs\/uncategorized\/geschnitzte-natur-fichte-e63\/"},"modified":"2024-04-23T14:04:49","modified_gmt":"2024-04-23T14:04:49","slug":"geschnitzte-natur-fichte-e63","status":"publish","type":"product","link":"https:\/\/enipau.ro\/ch\/produkt\/gespaltenes-holz\/geschnitzte-natur-fichte-e63\/","title":{"rendered":"Geschnitzte Natur-Fichte E63"},"content":{"rendered":"<p>Geschnitzte Natur-Fichte ist eine Art von Fichtenholz, das bearbeitet wurde, um ihm ein strukturiertes und rustikales Aussehen zu verleihen. Bei diesem Verfahren wird die Oberfl\u00e4che des Holzes von Hand oder mechanisch bearbeitet, um Vertiefungen, Risse und andere Details zu erzeugen, die das nat\u00fcrliche Aussehen von altem oder gealtertem Holz imitieren. <\/p>\n<p>Es wird f\u00fcr den Bau von M\u00f6beln, Fu\u00dfb\u00f6den, Akzentw\u00e4nden und anderen Designprojekten verwendet und verleiht R\u00e4umen einen rustikalen und authentischen Touch. Die Pflege ist \u00e4hnlich wie bei anderen H\u00f6lzern, und die Oberfl\u00e4chen k\u00f6nnen je nach \u00e4sthetischen Vorlieben und Projektanforderungen variieren.<\/p>\n","protected":false},"excerpt":{"rendered":"<p>Geschnitzte Natur-Fichte ist eine Art von Fichtenholz, das bearbeitet wurde, um ihm ein strukturiertes und rustikales Aussehen zu verleihen. Bei &hellip; <a href=\"https:\/\/enipau.ro\/ch\/produkt\/gespaltenes-holz\/geschnitzte-natur-fichte-e63\/\">Continued<\/a><\/p>\n","protected":false},"featured_media":26770,"comment_status":"closed","ping_status":"closed","template":"","meta":{"_acf_changed":false},"product_brand":[],"product_cat":[2530,2519,2520,2521],"product_tag":[],"class_list":{"0":"post-26769","1":"product","2":"type-product","3":"status-publish","4":"has-post-thumbnail","6":"product_cat-fichtenholz","7":"product_cat-gespaltenes-holz","8":"product_cat-holzverkleidung-aussenbereich","9":"product_cat-innenverkleidung-holz","11":"first","12":"instock","13":"taxable","14":"shipping-taxable","15":"purchasable","16":"product-type-variable"},"acf":[],"_links":{"self":[{"href":"https:\/\/enipau.ro\/ch\/wp-json\/wp\/v2\/product\/26769","targetHints":{"allow":["GET"]}}],"collection":[{"href":"https:\/\/enipau.ro\/ch\/wp-json\/wp\/v2\/product"}],"about":[{"href":"https:\/\/enipau.ro\/ch\/wp-json\/wp\/v2\/types\/product"}],"replies":[{"embeddable":true,"href":"https:\/\/enipau.ro\/ch\/wp-json\/wp\/v2\/comments?post=26769"}],"wp:featuredmedia":[{"embeddable":true,"href":"https:\/\/enipau.ro\/ch\/wp-json\/wp\/v2\/media\/26770"}],"wp:attachment":[{"href":"https:\/\/enipau.ro\/ch\/wp-json\/wp\/v2\/media?parent=26769"}],"wp:term":[{"taxonomy":"product_brand","embeddable":true,"href":"https:\/\/enipau.ro\/ch\/wp-json\/wp\/v2\/product_brand?post=26769"},{"taxonomy":"product_cat","embeddable":true,"href":"https:\/\/enipau.ro\/ch\/wp-json\/wp\/v2\/product_cat?post=26769"},{"taxonomy":"product_tag","embeddable":true,"href":"https:\/\/enipau.ro\/ch\/wp-json\/wp\/v2\/product_tag?post=26769"}],"curies":[{"name":"wp","href":"https:\/\/api.w.org\/{rel}","templated":true}]}}