{"id":26774,"date":"2024-04-23T14:01:29","date_gmt":"2024-04-23T14:01:29","guid":{"rendered":"https:\/\/enipau.ro\/produs\/uncategorized\/naturbelassene-behauene-laerche-e64\/"},"modified":"2024-04-23T14:01:29","modified_gmt":"2024-04-23T14:01:29","slug":"naturbelassene-behauene-laerche-e64","status":"publish","type":"product","link":"https:\/\/enipau.ro\/ch\/produkt\/gespaltenes-holz\/naturbelassene-behauene-laerche-e64\/","title":{"rendered":"Naturbelassene, behauene L\u00e4rche E64"},"content":{"rendered":"<p>Nat\u00fcrlich geschnitztes L\u00e4rchenholz ist eine Variante von L\u00e4rchenholz, das bearbeitet wurde, um ihm ein strukturiertes, rustikales Aussehen zu verleihen. Der Schnitzprozess kann manuelle oder maschinelle Techniken beinhalten, um Vertiefungen, Risse und andere Details zu erzeugen, die das nat\u00fcrliche Aussehen von altem oder gealtertem Holz imitieren. Diese Art von Holz wird f\u00fcr eine Vielzahl von Anwendungen verwendet, z. B. f\u00fcr den M\u00f6belbau, f\u00fcr Fu\u00dfb\u00f6den, Akzentw\u00e4nde, Tischlerarbeiten und andere Innen- und Au\u00dfengestaltungsprojekte. Aufgrund seines rustikalen Aussehens eignet es sich f\u00fcr Projekte, die eine authentische und unverwechselbare \u00c4sthetik erzielen sollen.   <\/p>\n<p>Obwohl der Prozess des Abspaltens die anf\u00e4ngliche St\u00e4rke des Holzes beeintr\u00e4chtigen kann, wird gespaltenes L\u00e4rchenholz behandelt, um seine Haltbarkeit und St\u00e4rke im Laufe der Zeit zu erhalten. Die Pflege ist \u00e4hnlich wie bei anderen Holzarten, und die Anwendung geeigneter Anstriche kann dazu beitragen, das Holz zu sch\u00fctzen und sein Aussehen \u00fcber die Jahre hinweg zu erhalten.<\/p>\n","protected":false},"excerpt":{"rendered":"<p>Nat\u00fcrlich geschnitztes L\u00e4rchenholz ist eine Variante von L\u00e4rchenholz, das bearbeitet wurde, um ihm ein strukturiertes, rustikales Aussehen zu verleihen. Der &hellip; <a href=\"https:\/\/enipau.ro\/ch\/produkt\/gespaltenes-holz\/naturbelassene-behauene-laerche-e64\/\">Continued<\/a><\/p>\n","protected":false},"featured_media":26775,"comment_status":"closed","ping_status":"closed","template":"","meta":{"_acf_changed":false},"product_brand":[],"product_cat":[2519,2520,2521],"product_tag":[],"class_list":{"0":"post-26774","1":"product","2":"type-product","3":"status-publish","4":"has-post-thumbnail","6":"product_cat-gespaltenes-holz","7":"product_cat-holzverkleidung-aussenbereich","8":"product_cat-innenverkleidung-holz","10":"first","11":"instock","12":"taxable","13":"shipping-taxable","14":"purchasable","15":"product-type-variable"},"acf":[],"_links":{"self":[{"href":"https:\/\/enipau.ro\/ch\/wp-json\/wp\/v2\/product\/26774","targetHints":{"allow":["GET"]}}],"collection":[{"href":"https:\/\/enipau.ro\/ch\/wp-json\/wp\/v2\/product"}],"about":[{"href":"https:\/\/enipau.ro\/ch\/wp-json\/wp\/v2\/types\/product"}],"replies":[{"embeddable":true,"href":"https:\/\/enipau.ro\/ch\/wp-json\/wp\/v2\/comments?post=26774"}],"wp:featuredmedia":[{"embeddable":true,"href":"https:\/\/enipau.ro\/ch\/wp-json\/wp\/v2\/media\/26775"}],"wp:attachment":[{"href":"https:\/\/enipau.ro\/ch\/wp-json\/wp\/v2\/media?parent=26774"}],"wp:term":[{"taxonomy":"product_brand","embeddable":true,"href":"https:\/\/enipau.ro\/ch\/wp-json\/wp\/v2\/product_brand?post=26774"},{"taxonomy":"product_cat","embeddable":true,"href":"https:\/\/enipau.ro\/ch\/wp-json\/wp\/v2\/product_cat?post=26774"},{"taxonomy":"product_tag","embeddable":true,"href":"https:\/\/enipau.ro\/ch\/wp-json\/wp\/v2\/product_tag?post=26774"}],"curies":[{"name":"wp","href":"https:\/\/api.w.org\/{rel}","templated":true}]}}