{"id":26817,"date":"2024-04-23T13:05:31","date_gmt":"2024-04-23T13:05:31","guid":{"rendered":"https:\/\/enipau.ro\/produs\/uncategorized\/exotisches-holz-kanadische-zeder-e73\/"},"modified":"2024-04-23T13:05:31","modified_gmt":"2024-04-23T13:05:31","slug":"exotisches-holz-kanadische-zeder-e73","status":"publish","type":"product","link":"https:\/\/enipau.ro\/ch\/produkt\/fassade-aus-exotischem-holz\/exotisches-holz-kanadische-zeder-e73\/","title":{"rendered":"Exotisches Holz Kanadische Zeder E73"},"content":{"rendered":"<p>Kanadisches Zedernholz wird f\u00fcr seine Haltbarkeit, St\u00e4rke und \u00c4sthetik gesch\u00e4tzt. Kanadische Zedern oder westliche Zedern stammen haupts\u00e4chlich von den Arten Western Red Cedar und Alaska Yellow Cedar, die vor allem in den westlichen Regionen Kanadas, wie British Columbia und Alaska, vorkommen. <\/p>\n<p>Diese Holzart ist bekannt f\u00fcr ihre nat\u00fcrliche Widerstandsf\u00e4higkeit gegen F\u00e4ulnis und Insektenbefall, was sie zu einer beliebten Wahl f\u00fcr Au\u00dfenkonstruktionen wie Z\u00e4une, Pergolen, Terrassen und D\u00e4cher macht. Es wird auch h\u00e4ufig f\u00fcr den Bau von M\u00f6beln f\u00fcr den Au\u00dfenbereich sowie f\u00fcr die Verkleidung von W\u00e4nden im Innenbereich verwendet.<\/p>\n","protected":false},"excerpt":{"rendered":"<p>Kanadisches Zedernholz wird f\u00fcr seine Haltbarkeit, St\u00e4rke und \u00c4sthetik gesch\u00e4tzt. Kanadische Zedern oder westliche Zedern stammen haupts\u00e4chlich von den Arten &hellip; <a href=\"https:\/\/enipau.ro\/ch\/produkt\/fassade-aus-exotischem-holz\/exotisches-holz-kanadische-zeder-e73\/\">Continued<\/a><\/p>\n","protected":false},"featured_media":26818,"comment_status":"closed","ping_status":"closed","template":"","meta":{"_acf_changed":false},"product_brand":[],"product_cat":[2425,2520,2546],"product_tag":[],"class_list":{"0":"post-26817","1":"product","2":"type-product","3":"status-publish","4":"has-post-thumbnail","6":"product_cat-fassade-aus-exotischem-holz","7":"product_cat-holzverkleidung-aussenbereich","8":"product_cat-zedernholz","10":"first","11":"instock","12":"taxable","13":"shipping-taxable","14":"purchasable","15":"product-type-variable"},"acf":[],"_links":{"self":[{"href":"https:\/\/enipau.ro\/ch\/wp-json\/wp\/v2\/product\/26817","targetHints":{"allow":["GET"]}}],"collection":[{"href":"https:\/\/enipau.ro\/ch\/wp-json\/wp\/v2\/product"}],"about":[{"href":"https:\/\/enipau.ro\/ch\/wp-json\/wp\/v2\/types\/product"}],"replies":[{"embeddable":true,"href":"https:\/\/enipau.ro\/ch\/wp-json\/wp\/v2\/comments?post=26817"}],"wp:featuredmedia":[{"embeddable":true,"href":"https:\/\/enipau.ro\/ch\/wp-json\/wp\/v2\/media\/26818"}],"wp:attachment":[{"href":"https:\/\/enipau.ro\/ch\/wp-json\/wp\/v2\/media?parent=26817"}],"wp:term":[{"taxonomy":"product_brand","embeddable":true,"href":"https:\/\/enipau.ro\/ch\/wp-json\/wp\/v2\/product_brand?post=26817"},{"taxonomy":"product_cat","embeddable":true,"href":"https:\/\/enipau.ro\/ch\/wp-json\/wp\/v2\/product_cat?post=26817"},{"taxonomy":"product_tag","embeddable":true,"href":"https:\/\/enipau.ro\/ch\/wp-json\/wp\/v2\/product_tag?post=26817"}],"curies":[{"name":"wp","href":"https:\/\/api.w.org\/{rel}","templated":true}]}}