{"id":26822,"date":"2024-04-23T13:02:30","date_gmt":"2024-04-23T13:02:30","guid":{"rendered":"https:\/\/enipau.ro\/produs\/uncategorized\/iroko-exotisches-holz-e41\/"},"modified":"2024-04-23T13:02:30","modified_gmt":"2024-04-23T13:02:30","slug":"iroko-exotisches-holz-e41","status":"publish","type":"product","link":"https:\/\/enipau.ro\/ch\/produkt\/fassade-aus-exotischem-holz\/iroko-exotisches-holz-e41\/","title":{"rendered":"Iroko exotisches Holz E41"},"content":{"rendered":"<p>Iroko ist ein exotisches, in Westafrika beheimatetes Holz, das f\u00fcr seine hohe Best\u00e4ndigkeit bekannt ist und resistent gegen F\u00e4ulnis, Insekten und Umweltsch\u00e4den ist. Dieses Holz h\u00e4lt von Natur aus feuchten Umgebungen stand und ist ideal f\u00fcr den Bau und die Landschaftsgestaltung. <\/p>\n<p>Dank seiner Strapazierf\u00e4higkeit und seines attraktiven Aussehens wird Iroko in einer Vielzahl von Anwendungen eingesetzt, darunter der Bau von Terrassendielen, Bodenbel\u00e4gen f\u00fcr den Au\u00dfenbereich, Z\u00e4unen, Au\u00dfenm\u00f6beln, dekorativen Fliesen, Wandverkleidungen und anderen Projekten f\u00fcr die Innen- und Au\u00dfengestaltung.<\/p>\n","protected":false},"excerpt":{"rendered":"<p>Iroko ist ein exotisches, in Westafrika beheimatetes Holz, das f\u00fcr seine hohe Best\u00e4ndigkeit bekannt ist und resistent gegen F\u00e4ulnis, Insekten &hellip; <a href=\"https:\/\/enipau.ro\/ch\/produkt\/fassade-aus-exotischem-holz\/iroko-exotisches-holz-e41\/\">Continued<\/a><\/p>\n","protected":false},"featured_media":26823,"comment_status":"closed","ping_status":"closed","template":"","meta":{"_acf_changed":false},"product_brand":[],"product_cat":[2425,2520,2576],"product_tag":[],"class_list":{"0":"post-26822","1":"product","2":"type-product","3":"status-publish","4":"has-post-thumbnail","6":"product_cat-fassade-aus-exotischem-holz","7":"product_cat-holzverkleidung-aussenbereich","8":"product_cat-iroko-holz","10":"first","11":"instock","12":"taxable","13":"shipping-taxable","14":"purchasable","15":"product-type-variable"},"acf":[],"_links":{"self":[{"href":"https:\/\/enipau.ro\/ch\/wp-json\/wp\/v2\/product\/26822","targetHints":{"allow":["GET"]}}],"collection":[{"href":"https:\/\/enipau.ro\/ch\/wp-json\/wp\/v2\/product"}],"about":[{"href":"https:\/\/enipau.ro\/ch\/wp-json\/wp\/v2\/types\/product"}],"replies":[{"embeddable":true,"href":"https:\/\/enipau.ro\/ch\/wp-json\/wp\/v2\/comments?post=26822"}],"wp:featuredmedia":[{"embeddable":true,"href":"https:\/\/enipau.ro\/ch\/wp-json\/wp\/v2\/media\/26823"}],"wp:attachment":[{"href":"https:\/\/enipau.ro\/ch\/wp-json\/wp\/v2\/media?parent=26822"}],"wp:term":[{"taxonomy":"product_brand","embeddable":true,"href":"https:\/\/enipau.ro\/ch\/wp-json\/wp\/v2\/product_brand?post=26822"},{"taxonomy":"product_cat","embeddable":true,"href":"https:\/\/enipau.ro\/ch\/wp-json\/wp\/v2\/product_cat?post=26822"},{"taxonomy":"product_tag","embeddable":true,"href":"https:\/\/enipau.ro\/ch\/wp-json\/wp\/v2\/product_tag?post=26822"}],"curies":[{"name":"wp","href":"https:\/\/api.w.org\/{rel}","templated":true}]}}