{"id":26879,"date":"2024-04-23T11:55:18","date_gmt":"2024-04-23T11:55:18","guid":{"rendered":"https:\/\/enipau.ro\/produs\/uncategorized\/massaranduba-exotenholz-ep12\/"},"modified":"2024-04-23T11:55:18","modified_gmt":"2024-04-23T11:55:18","slug":"massaranduba-exotenholz-ep12","status":"publish","type":"product","link":"https:\/\/enipau.ro\/ch\/produkt\/fassade-aus-exotischem-holz\/massaranduba-exotenholz-ep12\/","title":{"rendered":"Massaranduba Exotenholz EP12"},"content":{"rendered":"<p>Massaranduba, auch bekannt als &#8220;Redwood&#8221;, ist ein exotisches Holz, das in S\u00fcdamerika heimisch ist. Massaranduba gilt als eines der widerstandsf\u00e4higsten H\u00f6lzer der Welt mit einer ausgezeichneten Resistenz gegen F\u00e4ulnis, Insekten und Korrosion. Es ist ideal f\u00fcr die Verwendung in feuchten Umgebungen und unter extremen Bedingungen.  <\/p>\n<p>Dank seiner Strapazierf\u00e4higkeit und \u00c4sthetik wird Massaranduba in einer Vielzahl von Anwendungen eingesetzt, z. B. beim Bau von Terrassendielen, Bodenbel\u00e4gen f\u00fcr den Au\u00dfenbereich, Au\u00dfenm\u00f6beln, Gel\u00e4ndern, Br\u00fcstungen, Pontonbooten und anderen Projekten, die Verschlei\u00df und extremen Bedingungen ausgesetzt sind.<\/p>\n","protected":false},"excerpt":{"rendered":"<p>Massaranduba, auch bekannt als &#8220;Redwood&#8221;, ist ein exotisches Holz, das in S\u00fcdamerika heimisch ist. Massaranduba gilt als eines der widerstandsf\u00e4higsten &hellip; <a href=\"https:\/\/enipau.ro\/ch\/produkt\/fassade-aus-exotischem-holz\/massaranduba-exotenholz-ep12\/\">Continued<\/a><\/p>\n","protected":false},"featured_media":26880,"comment_status":"closed","ping_status":"closed","template":"","meta":{"_acf_changed":false},"product_brand":[],"product_cat":[2559,2425,2520,2585,2515],"product_tag":[],"class_list":{"0":"post-26879","1":"product","2":"type-product","3":"status-publish","4":"has-post-thumbnail","6":"product_cat-exotische-holzterrassen","7":"product_cat-fassade-aus-exotischem-holz","8":"product_cat-holzverkleidung-aussenbereich","9":"product_cat-massaranduba-holz","10":"product_cat-terrassendielen","12":"first","13":"instock","14":"taxable","15":"shipping-taxable","16":"purchasable","17":"product-type-variable"},"acf":[],"_links":{"self":[{"href":"https:\/\/enipau.ro\/ch\/wp-json\/wp\/v2\/product\/26879","targetHints":{"allow":["GET"]}}],"collection":[{"href":"https:\/\/enipau.ro\/ch\/wp-json\/wp\/v2\/product"}],"about":[{"href":"https:\/\/enipau.ro\/ch\/wp-json\/wp\/v2\/types\/product"}],"replies":[{"embeddable":true,"href":"https:\/\/enipau.ro\/ch\/wp-json\/wp\/v2\/comments?post=26879"}],"wp:featuredmedia":[{"embeddable":true,"href":"https:\/\/enipau.ro\/ch\/wp-json\/wp\/v2\/media\/26880"}],"wp:attachment":[{"href":"https:\/\/enipau.ro\/ch\/wp-json\/wp\/v2\/media?parent=26879"}],"wp:term":[{"taxonomy":"product_brand","embeddable":true,"href":"https:\/\/enipau.ro\/ch\/wp-json\/wp\/v2\/product_brand?post=26879"},{"taxonomy":"product_cat","embeddable":true,"href":"https:\/\/enipau.ro\/ch\/wp-json\/wp\/v2\/product_cat?post=26879"},{"taxonomy":"product_tag","embeddable":true,"href":"https:\/\/enipau.ro\/ch\/wp-json\/wp\/v2\/product_tag?post=26879"}],"curies":[{"name":"wp","href":"https:\/\/api.w.org\/{rel}","templated":true}]}}