{"id":26884,"date":"2024-04-23T11:45:59","date_gmt":"2024-04-23T11:45:59","guid":{"rendered":"https:\/\/enipau.ro\/produs\/uncategorized\/exotisches-holz-ipe-ep10\/"},"modified":"2024-04-23T11:45:59","modified_gmt":"2024-04-23T11:45:59","slug":"exotisches-holz-ipe-ep10","status":"publish","type":"product","link":"https:\/\/enipau.ro\/ch\/produkt\/fassade-aus-exotischem-holz\/exotisches-holz-ipe-ep10\/","title":{"rendered":"Exotisches Holz Ipe EP10"},"content":{"rendered":"<p>Ipe ist ein Holz, das f\u00fcr seine Robustheit gegen\u00fcber extremen Bedingungen bekannt ist. Es ist sehr widerstandsf\u00e4hig gegen Feuchtigkeit, Insekten und F\u00e4ulnis. Ipe hat eine warme Farbe, die von dunkelbraun bis r\u00f6tlich-braun reicht, und eine glatte und gleichm\u00e4\u00dfige Textur, die ein nat\u00fcrliches und angenehmes Aussehen verleiht. Aufgrund seiner Langlebigkeit und \u00c4sthetik wird Ipe f\u00fcr eine Vielzahl von Projekten verwendet, z. B. f\u00fcr den Bau von Terrassendielen, Bodenbel\u00e4gen f\u00fcr den Au\u00dfenbereich, Gartenm\u00f6beln oder Wandverkleidungen.<\/p>\n","protected":false},"excerpt":{"rendered":"<p>Ipe ist ein Holz, das f\u00fcr seine Robustheit gegen\u00fcber extremen Bedingungen bekannt ist. Es ist sehr widerstandsf\u00e4hig gegen Feuchtigkeit, Insekten &hellip; <a href=\"https:\/\/enipau.ro\/ch\/produkt\/fassade-aus-exotischem-holz\/exotisches-holz-ipe-ep10\/\">Continued<\/a><\/p>\n","protected":false},"featured_media":26885,"comment_status":"closed","ping_status":"closed","template":"","meta":{"_acf_changed":false},"product_brand":[],"product_cat":[2559,2425,2520,2515],"product_tag":[],"class_list":{"0":"post-26884","1":"product","2":"type-product","3":"status-publish","4":"has-post-thumbnail","6":"product_cat-exotische-holzterrassen","7":"product_cat-fassade-aus-exotischem-holz","8":"product_cat-holzverkleidung-aussenbereich","9":"product_cat-terrassendielen","11":"first","12":"instock","13":"taxable","14":"shipping-taxable","15":"purchasable","16":"product-type-variable"},"acf":[],"_links":{"self":[{"href":"https:\/\/enipau.ro\/ch\/wp-json\/wp\/v2\/product\/26884","targetHints":{"allow":["GET"]}}],"collection":[{"href":"https:\/\/enipau.ro\/ch\/wp-json\/wp\/v2\/product"}],"about":[{"href":"https:\/\/enipau.ro\/ch\/wp-json\/wp\/v2\/types\/product"}],"replies":[{"embeddable":true,"href":"https:\/\/enipau.ro\/ch\/wp-json\/wp\/v2\/comments?post=26884"}],"wp:featuredmedia":[{"embeddable":true,"href":"https:\/\/enipau.ro\/ch\/wp-json\/wp\/v2\/media\/26885"}],"wp:attachment":[{"href":"https:\/\/enipau.ro\/ch\/wp-json\/wp\/v2\/media?parent=26884"}],"wp:term":[{"taxonomy":"product_brand","embeddable":true,"href":"https:\/\/enipau.ro\/ch\/wp-json\/wp\/v2\/product_brand?post=26884"},{"taxonomy":"product_cat","embeddable":true,"href":"https:\/\/enipau.ro\/ch\/wp-json\/wp\/v2\/product_cat?post=26884"},{"taxonomy":"product_tag","embeddable":true,"href":"https:\/\/enipau.ro\/ch\/wp-json\/wp\/v2\/product_tag?post=26884"}],"curies":[{"name":"wp","href":"https:\/\/api.w.org\/{rel}","templated":true}]}}