{"id":26890,"date":"2024-04-23T11:39:16","date_gmt":"2024-04-23T11:39:16","guid":{"rendered":"https:\/\/enipau.ro\/produs\/uncategorized\/jutai-exotisches-holz-ep9\/"},"modified":"2024-04-23T11:39:16","modified_gmt":"2024-04-23T11:39:16","slug":"jutai-exotisches-holz-ep9","status":"publish","type":"product","link":"https:\/\/enipau.ro\/ch\/produkt\/fassade-aus-exotischem-holz\/jutai-exotisches-holz-ep9\/","title":{"rendered":"Jutai exotisches Holz EP9"},"content":{"rendered":"<p>Das exotische Jutai-Holz stammt aus S\u00fcdamerika und wird f\u00fcr seine Haltbarkeit und Widerstandsf\u00e4higkeit gegen F\u00e4ulnis, Insekten und Verrottung gesch\u00e4tzt. Es ist ein geeignetes Holz f\u00fcr die Verwendung in feuchten und extremen Umgebungen. Die Farbe von Jutai-Holz reicht von dunkelbraun bis r\u00f6tlich-braun, mit unterschiedlichen Schattierungen und einem attraktiven nat\u00fcrlichen Aussehen. Seine Textur kann einheitlich sein oder bestimmte Muster und Maserungen aufweisen, was Projekten einen besonderen Charme verleiht. Aufgrund seiner Langlebigkeit und \u00c4sthetik wird Jutai f\u00fcr eine Vielzahl von Anwendungen verwendet, darunter f\u00fcr die Herstellung von Fu\u00dfb\u00f6den, W\u00e4nden, M\u00f6beln, Gel\u00e4ndern und anderen Innen- und Au\u00dfenprojekten.<\/p>\n","protected":false},"excerpt":{"rendered":"<p>Das exotische Jutai-Holz stammt aus S\u00fcdamerika und wird f\u00fcr seine Haltbarkeit und Widerstandsf\u00e4higkeit gegen F\u00e4ulnis, Insekten und Verrottung gesch\u00e4tzt. Es &hellip; <a href=\"https:\/\/enipau.ro\/ch\/produkt\/fassade-aus-exotischem-holz\/jutai-exotisches-holz-ep9\/\">Continued<\/a><\/p>\n","protected":false},"featured_media":26891,"comment_status":"closed","ping_status":"closed","template":"","meta":{"_acf_changed":false},"product_brand":[],"product_cat":[2559,2425,2520,2586,2515],"product_tag":[],"class_list":{"0":"post-26890","1":"product","2":"type-product","3":"status-publish","4":"has-post-thumbnail","6":"product_cat-exotische-holzterrassen","7":"product_cat-fassade-aus-exotischem-holz","8":"product_cat-holzverkleidung-aussenbereich","9":"product_cat-jutai-holz","10":"product_cat-terrassendielen","12":"first","13":"instock","14":"taxable","15":"shipping-taxable","16":"purchasable","17":"product-type-variable"},"acf":[],"_links":{"self":[{"href":"https:\/\/enipau.ro\/ch\/wp-json\/wp\/v2\/product\/26890","targetHints":{"allow":["GET"]}}],"collection":[{"href":"https:\/\/enipau.ro\/ch\/wp-json\/wp\/v2\/product"}],"about":[{"href":"https:\/\/enipau.ro\/ch\/wp-json\/wp\/v2\/types\/product"}],"replies":[{"embeddable":true,"href":"https:\/\/enipau.ro\/ch\/wp-json\/wp\/v2\/comments?post=26890"}],"wp:featuredmedia":[{"embeddable":true,"href":"https:\/\/enipau.ro\/ch\/wp-json\/wp\/v2\/media\/26891"}],"wp:attachment":[{"href":"https:\/\/enipau.ro\/ch\/wp-json\/wp\/v2\/media?parent=26890"}],"wp:term":[{"taxonomy":"product_brand","embeddable":true,"href":"https:\/\/enipau.ro\/ch\/wp-json\/wp\/v2\/product_brand?post=26890"},{"taxonomy":"product_cat","embeddable":true,"href":"https:\/\/enipau.ro\/ch\/wp-json\/wp\/v2\/product_cat?post=26890"},{"taxonomy":"product_tag","embeddable":true,"href":"https:\/\/enipau.ro\/ch\/wp-json\/wp\/v2\/product_tag?post=26890"}],"curies":[{"name":"wp","href":"https:\/\/api.w.org\/{rel}","templated":true}]}}