{"id":26956,"date":"2023-07-19T22:31:17","date_gmt":"2023-07-19T22:31:17","guid":{"rendered":"https:\/\/enipau.ro\/produs\/uncategorized\/er4-lamellenholz-element\/"},"modified":"2023-07-19T22:31:17","modified_gmt":"2023-07-19T22:31:17","slug":"er4-lamellenholz-element","status":"publish","type":"product","link":"https:\/\/enipau.ro\/ch\/produkt\/holzlamellen-aussenbereich\/er4-lamellenholz-element\/","title":{"rendered":"ER4 Lamellenholz-Element"},"content":{"rendered":"","protected":false},"excerpt":{"rendered":"<p>Das Lamellenholz-Element aus Fichtenholz ist eine gute Wahl, um einen Hauch von Eleganz und W\u00e4rme in Ihre Einrichtungsprojekte zu bringen. Dieses Produkt aus hochwertigem Fichtenholz bietet eine angenehme nat\u00fcrliche Textur und einen angenehmen Farbton, der jedem Raum einen authentischen Charme verleiht.  <\/p>\n<p>Das Lamellenholz-Element aus Fichtenholz kann zum Verkleiden von W\u00e4nden, Decken oder anderen Oberfl\u00e4chen verwendet werden und sorgt f\u00fcr ein \u00e4sthetisches Aussehen und einen tollen Reliefeffekt. Ganz gleich, ob Sie ein rustikales und traditionelles oder ein modernes und minimalistisches Design schaffen m\u00f6chten, dieses Lamellenholz-Element passt perfekt zu einer Vielzahl von Einrichtungsstilen. <\/p>\n<p>Der angegebene Preis gilt f\u00fcr nat\u00fcrliche Bes\u00e4tze. F\u00fcr andere Farben und ein gewachstes Finish fallen zus\u00e4tzliche Kosten an. <\/p>\n","protected":false},"featured_media":26957,"comment_status":"closed","ping_status":"closed","template":"","meta":{"_acf_changed":false},"product_brand":[],"product_cat":[2512,2600,2601],"product_tag":[],"class_list":{"0":"post-26956","1":"product","2":"type-product","3":"status-publish","4":"has-post-thumbnail","6":"product_cat-holzlamellen-aussenbereich","7":"product_cat-holzterrassen-balkone","8":"product_cat-individuelle-holzlamellen","10":"first","11":"instock","12":"taxable","13":"shipping-taxable","14":"purchasable","15":"product-type-variable"},"acf":[],"_links":{"self":[{"href":"https:\/\/enipau.ro\/ch\/wp-json\/wp\/v2\/product\/26956","targetHints":{"allow":["GET"]}}],"collection":[{"href":"https:\/\/enipau.ro\/ch\/wp-json\/wp\/v2\/product"}],"about":[{"href":"https:\/\/enipau.ro\/ch\/wp-json\/wp\/v2\/types\/product"}],"replies":[{"embeddable":true,"href":"https:\/\/enipau.ro\/ch\/wp-json\/wp\/v2\/comments?post=26956"}],"wp:featuredmedia":[{"embeddable":true,"href":"https:\/\/enipau.ro\/ch\/wp-json\/wp\/v2\/media\/26957"}],"wp:attachment":[{"href":"https:\/\/enipau.ro\/ch\/wp-json\/wp\/v2\/media?parent=26956"}],"wp:term":[{"taxonomy":"product_brand","embeddable":true,"href":"https:\/\/enipau.ro\/ch\/wp-json\/wp\/v2\/product_brand?post=26956"},{"taxonomy":"product_cat","embeddable":true,"href":"https:\/\/enipau.ro\/ch\/wp-json\/wp\/v2\/product_cat?post=26956"},{"taxonomy":"product_tag","embeddable":true,"href":"https:\/\/enipau.ro\/ch\/wp-json\/wp\/v2\/product_tag?post=26956"}],"curies":[{"name":"wp","href":"https:\/\/api.w.org\/{rel}","templated":true}]}}