{"id":27076,"date":"2023-07-16T19:47:09","date_gmt":"2023-07-16T19:47:09","guid":{"rendered":"https:\/\/enipau.ro\/produs\/uncategorized\/lamellenholzplatte-r2\/"},"modified":"2023-07-16T19:47:09","modified_gmt":"2023-07-16T19:47:09","slug":"lamellenholzplatte-r2","status":"publish","type":"product","link":"https:\/\/enipau.ro\/ch\/produkt\/holzlamellen-aussenbereich\/lamellenholzplatte-r2\/","title":{"rendered":"Lamellenholzplatte R2"},"content":{"rendered":"","protected":false},"excerpt":{"rendered":"<p>Zu den beliebtesten dekorativen Verkleidungsdesigns geh\u00f6ren die Riffles, zwischen Boden und Decke eingef\u00fcgte Holzlatten, die in einer durchgehenden Linie oder mit einigen kunstvoll geschnittenen Elementen ausgef\u00fchrt werden k\u00f6nnen. Sie k\u00f6nnen das unsch\u00f6ne Vorhandensein von Heizk\u00f6rpern mit einer Holzleiste kaschieren oder die Lamellenholzplatte als funktionalen Durchgang zwischen einem Badezimmer oder einem Ankleidezimmer verwenden. <\/p>\n<p>Bei der Gestaltung sind Ihnen keine Grenzen gesetzt. Fordern Sie also ein Angebot an, damit unsere Spezialisten die Lamellenholzplatte so korrekt wie m\u00f6glich verarbeiten k\u00f6nnen. Die Vorteile dieser Art von Material sind eine verbesserte Festigkeit und Steifigkeit durch die Reduzierung des negativen Einflusses von \u00c4sten, die Beseitigung von Verformungen durch Austrocknung und eine erh\u00f6hte Homogenit\u00e4t. <\/p>\n<p>Die Kosten f\u00fcr das Wachsen und Impr\u00e4gnieren werden separat berechnet.<\/p>\n","protected":false},"featured_media":27077,"comment_status":"closed","ping_status":"closed","template":"","meta":{"_acf_changed":false},"product_brand":[],"product_cat":[2512,2607],"product_tag":[],"class_list":{"0":"post-27076","1":"product","2":"type-product","3":"status-publish","4":"has-post-thumbnail","6":"product_cat-holzlamellen-aussenbereich","7":"product_cat-innenholzlamellen-dekorative-paneele","9":"first","10":"instock","11":"taxable","12":"shipping-taxable","13":"purchasable","14":"product-type-variable"},"acf":[],"_links":{"self":[{"href":"https:\/\/enipau.ro\/ch\/wp-json\/wp\/v2\/product\/27076","targetHints":{"allow":["GET"]}}],"collection":[{"href":"https:\/\/enipau.ro\/ch\/wp-json\/wp\/v2\/product"}],"about":[{"href":"https:\/\/enipau.ro\/ch\/wp-json\/wp\/v2\/types\/product"}],"replies":[{"embeddable":true,"href":"https:\/\/enipau.ro\/ch\/wp-json\/wp\/v2\/comments?post=27076"}],"wp:featuredmedia":[{"embeddable":true,"href":"https:\/\/enipau.ro\/ch\/wp-json\/wp\/v2\/media\/27077"}],"wp:attachment":[{"href":"https:\/\/enipau.ro\/ch\/wp-json\/wp\/v2\/media?parent=27076"}],"wp:term":[{"taxonomy":"product_brand","embeddable":true,"href":"https:\/\/enipau.ro\/ch\/wp-json\/wp\/v2\/product_brand?post=27076"},{"taxonomy":"product_cat","embeddable":true,"href":"https:\/\/enipau.ro\/ch\/wp-json\/wp\/v2\/product_cat?post=27076"},{"taxonomy":"product_tag","embeddable":true,"href":"https:\/\/enipau.ro\/ch\/wp-json\/wp\/v2\/product_tag?post=27076"}],"curies":[{"name":"wp","href":"https:\/\/api.w.org\/{rel}","templated":true}]}}