{"id":27110,"date":"2023-07-16T17:57:24","date_gmt":"2023-07-16T17:57:24","guid":{"rendered":"https:\/\/enipau.ro\/produs\/uncategorized\/verbranntes-holz-a6\/"},"modified":"2023-07-16T17:57:24","modified_gmt":"2023-07-16T17:57:24","slug":"verbranntes-holz-a6","status":"publish","type":"product","link":"https:\/\/enipau.ro\/ch\/produkt\/holzverkleidung-aussenbereich\/verbranntes-holz-a6\/","title":{"rendered":"Verbranntes Holz A6"},"content":{"rendered":"","protected":false},"excerpt":{"rendered":"<p>Es handelt sich um eine Holzart, die tief gebrannt und anschlie\u00dfend w\u00e4rmebehandelt wird. Im Anschluss an diese Verfahren wird das Produkt mit einer Wachsschicht \u00fcberzogen, die speziell zum Schutz gegen die Elemente entwickelt wurde. Das Sch\u00f6ne an dieser Art von Holz ist, dass es zwar verbrannt wird, der dabei entstehende Ru\u00df aber durch die Behandlung vollst\u00e4ndig entfernt wird. Verbrannte Holzvert\u00e4felung kann also mit Sicherheit sowohl im Innen- als auch im Au\u00dfenbereich Ihres Hauses verwendet werden und bietet einen einzigartigen und besonderen Look.   <\/p>\n<p>Diese Art von verbranntem Holz eignet sich hervorragend f\u00fcr moderne H\u00e4user oder Landh\u00e4user und verleiht Ihrem Bauwerk einen Hauch von Eleganz.<\/p>\n","protected":false},"featured_media":27111,"comment_status":"closed","ping_status":"closed","template":"","meta":{"_acf_changed":false},"product_brand":[],"product_cat":[2609,2520],"product_tag":[],"class_list":{"0":"post-27110","1":"product","2":"type-product","3":"status-publish","4":"has-post-thumbnail","6":"product_cat-gebrannt-behandeltes-holz","7":"product_cat-holzverkleidung-aussenbereich","9":"first","10":"instock","11":"taxable","12":"shipping-taxable","13":"purchasable","14":"product-type-variable"},"acf":[],"_links":{"self":[{"href":"https:\/\/enipau.ro\/ch\/wp-json\/wp\/v2\/product\/27110","targetHints":{"allow":["GET"]}}],"collection":[{"href":"https:\/\/enipau.ro\/ch\/wp-json\/wp\/v2\/product"}],"about":[{"href":"https:\/\/enipau.ro\/ch\/wp-json\/wp\/v2\/types\/product"}],"replies":[{"embeddable":true,"href":"https:\/\/enipau.ro\/ch\/wp-json\/wp\/v2\/comments?post=27110"}],"wp:featuredmedia":[{"embeddable":true,"href":"https:\/\/enipau.ro\/ch\/wp-json\/wp\/v2\/media\/27111"}],"wp:attachment":[{"href":"https:\/\/enipau.ro\/ch\/wp-json\/wp\/v2\/media?parent=27110"}],"wp:term":[{"taxonomy":"product_brand","embeddable":true,"href":"https:\/\/enipau.ro\/ch\/wp-json\/wp\/v2\/product_brand?post=27110"},{"taxonomy":"product_cat","embeddable":true,"href":"https:\/\/enipau.ro\/ch\/wp-json\/wp\/v2\/product_cat?post=27110"},{"taxonomy":"product_tag","embeddable":true,"href":"https:\/\/enipau.ro\/ch\/wp-json\/wp\/v2\/product_tag?post=27110"}],"curies":[{"name":"wp","href":"https:\/\/api.w.org\/{rel}","templated":true}]}}