{"id":27126,"date":"2023-07-16T17:38:53","date_gmt":"2023-07-16T17:38:53","guid":{"rendered":"https:\/\/enipau.ro\/produs\/uncategorized\/verbranntes-holz-a1\/"},"modified":"2023-07-16T17:38:53","modified_gmt":"2023-07-16T17:38:53","slug":"verbranntes-holz-a1","status":"publish","type":"product","link":"https:\/\/enipau.ro\/ch\/produkt\/holzverkleidung-aussenbereich\/verbranntes-holz-a1\/","title":{"rendered":"Verbranntes Holz A1"},"content":{"rendered":"<h2>Antikes verbranntes Holz f\u00fcr den Bau<\/h2>\n","protected":false},"excerpt":{"rendered":"<div class=\"description\">\n<p>Es handelt sich um eine Holzart, die tief gebrannt und anschlie\u00dfend w\u00e4rmebehandelt wird. Nach diesen Verfahren wird das Produkt mit einer Wachsschicht \u00fcberzogen, die speziell zum Schutz vor Witterungseinfl\u00fcssen entwickelt wurde.  Was dieser Holzart ihre Sch\u00f6nheit verleiht, ist die Tatsache, dass sie zwar verbrannt wird, der dabei entstehende Ru\u00df aber durch die Behandlung vollst\u00e4ndig verru\u00dft wird. Verbrannte Holzvert\u00e4felung kann also mit Sicherheit sowohl im Innen- als auch im Au\u00dfenbereich Ihres Hauses verwendet werden und bietet einen einzigartigen und besonderen Look. <\/p>\n<p>Diese Art von verbranntem Holz eignet sich hervorragend f\u00fcr moderne H\u00e4user oder Landh\u00e4user und verleiht Ihrem Bauwerk einen Hauch von Eleganz.<\/p>\n<\/div>\n","protected":false},"featured_media":27127,"comment_status":"closed","ping_status":"closed","template":"","meta":{"_acf_changed":false},"product_brand":[],"product_cat":[2609,2520],"product_tag":[],"class_list":{"0":"post-27126","1":"product","2":"type-product","3":"status-publish","4":"has-post-thumbnail","6":"product_cat-gebrannt-behandeltes-holz","7":"product_cat-holzverkleidung-aussenbereich","9":"first","10":"instock","11":"taxable","12":"shipping-taxable","13":"purchasable","14":"product-type-variable"},"acf":[],"_links":{"self":[{"href":"https:\/\/enipau.ro\/ch\/wp-json\/wp\/v2\/product\/27126","targetHints":{"allow":["GET"]}}],"collection":[{"href":"https:\/\/enipau.ro\/ch\/wp-json\/wp\/v2\/product"}],"about":[{"href":"https:\/\/enipau.ro\/ch\/wp-json\/wp\/v2\/types\/product"}],"replies":[{"embeddable":true,"href":"https:\/\/enipau.ro\/ch\/wp-json\/wp\/v2\/comments?post=27126"}],"wp:featuredmedia":[{"embeddable":true,"href":"https:\/\/enipau.ro\/ch\/wp-json\/wp\/v2\/media\/27127"}],"wp:attachment":[{"href":"https:\/\/enipau.ro\/ch\/wp-json\/wp\/v2\/media?parent=27126"}],"wp:term":[{"taxonomy":"product_brand","embeddable":true,"href":"https:\/\/enipau.ro\/ch\/wp-json\/wp\/v2\/product_brand?post=27126"},{"taxonomy":"product_cat","embeddable":true,"href":"https:\/\/enipau.ro\/ch\/wp-json\/wp\/v2\/product_cat?post=27126"},{"taxonomy":"product_tag","embeddable":true,"href":"https:\/\/enipau.ro\/ch\/wp-json\/wp\/v2\/product_tag?post=27126"}],"curies":[{"name":"wp","href":"https:\/\/api.w.org\/{rel}","templated":true}]}}