{"id":27135,"date":"2023-07-16T17:33:58","date_gmt":"2023-07-16T17:33:58","guid":{"rendered":"https:\/\/enipau.ro\/produs\/uncategorized\/fassadenelement-f8\/"},"modified":"2023-07-16T17:33:58","modified_gmt":"2023-07-16T17:33:58","slug":"fassadenelement-f8","status":"publish","type":"product","link":"https:\/\/enipau.ro\/ch\/produkt\/holzverkleidung-aussenbereich\/fassadenelement-f8\/","title":{"rendered":"Fassadenelement F8"},"content":{"rendered":"","protected":false},"excerpt":{"rendered":"<p>Unsere h\u00f6lzernen Fassadenelemente werden sorgf\u00e4ltig bearbeitet und veredelt, um h\u00f6chste Qualit\u00e4t und au\u00dfergew\u00f6hnliche Haltbarkeit zu gew\u00e4hrleisten. Jedes St\u00fcck wird mit Sorgfalt und Liebe zum Detail entworfen, f\u00fcgt sich perfekt in das gew\u00fcnschte Design ein und verleiht dem gesamten Geb\u00e4ude ein harmonisches Aussehen. Echtholz ist aufgrund seiner au\u00dfergew\u00f6hnlichen Qualit\u00e4ten die perfekte Wahl f\u00fcr Fassaden. Es ist witterungsbest\u00e4ndig, bietet Schutz und eine ansprechende \u00c4sthetik im Laufe der Zeit und verleiht jedem Geb\u00e4ude einen nat\u00fcrlichen Charme.   <\/p>\n","protected":false},"featured_media":27136,"comment_status":"closed","ping_status":"closed","template":"","meta":{"_acf_changed":false},"product_brand":[],"product_cat":[2594,2520,2610],"product_tag":[],"class_list":{"0":"post-27135","1":"product","2":"type-product","3":"status-publish","4":"has-post-thumbnail","6":"product_cat-holzfassaden","7":"product_cat-holzverkleidung-aussenbereich","8":"product_cat-impraegniert-lasiert-gewachst","10":"first","11":"instock","12":"taxable","13":"shipping-taxable","14":"purchasable","15":"product-type-simple"},"acf":[],"_links":{"self":[{"href":"https:\/\/enipau.ro\/ch\/wp-json\/wp\/v2\/product\/27135","targetHints":{"allow":["GET"]}}],"collection":[{"href":"https:\/\/enipau.ro\/ch\/wp-json\/wp\/v2\/product"}],"about":[{"href":"https:\/\/enipau.ro\/ch\/wp-json\/wp\/v2\/types\/product"}],"replies":[{"embeddable":true,"href":"https:\/\/enipau.ro\/ch\/wp-json\/wp\/v2\/comments?post=27135"}],"wp:featuredmedia":[{"embeddable":true,"href":"https:\/\/enipau.ro\/ch\/wp-json\/wp\/v2\/media\/27136"}],"wp:attachment":[{"href":"https:\/\/enipau.ro\/ch\/wp-json\/wp\/v2\/media?parent=27135"}],"wp:term":[{"taxonomy":"product_brand","embeddable":true,"href":"https:\/\/enipau.ro\/ch\/wp-json\/wp\/v2\/product_brand?post=27135"},{"taxonomy":"product_cat","embeddable":true,"href":"https:\/\/enipau.ro\/ch\/wp-json\/wp\/v2\/product_cat?post=27135"},{"taxonomy":"product_tag","embeddable":true,"href":"https:\/\/enipau.ro\/ch\/wp-json\/wp\/v2\/product_tag?post=27135"}],"curies":[{"name":"wp","href":"https:\/\/api.w.org\/{rel}","templated":true}]}}