{"id":27165,"date":"2023-07-16T17:26:36","date_gmt":"2023-07-16T17:26:36","guid":{"rendered":"https:\/\/enipau.ro\/produs\/uncategorized\/fassadenelement-f2-rombus\/"},"modified":"2023-07-16T17:26:36","modified_gmt":"2023-07-16T17:26:36","slug":"fassadenelement-f2-rombus","status":"publish","type":"product","link":"https:\/\/enipau.ro\/ch\/produkt\/holzverkleidung-aussenbereich\/fassadenelement-f2-rombus\/","title":{"rendered":"Fassadenelement F2 Rombus"},"content":{"rendered":"","protected":false},"excerpt":{"rendered":"<p>Entdecken Sie das Fassadenelement aus sibirischer L\u00e4rche, ein besonderes und authentisches Produkt! Dieses aus sibirischem L\u00e4rchenholz gefertigte Element verleiht Ihren Fassadenprojekten einen Hauch von Eleganz und Haltbarkeit. Mit einer gewachsten Oberfl\u00e4che bietet es zus\u00e4tzlichen Schutz und Glanz. Dieses Element aus gewachstem sibirischem L\u00e4rchenholz l\u00e4sst sich leicht in Ihre Fassadengestaltung integrieren und verleiht jedem Projekt f\u00fcr die Au\u00dfengestaltung einen nat\u00fcrlichen und gem\u00fctlichen Look.   <\/p>\n","protected":false},"featured_media":27166,"comment_status":"closed","ping_status":"closed","template":"","meta":{"_acf_changed":false},"product_brand":[],"product_cat":[2594,2520],"product_tag":[],"class_list":{"0":"post-27165","1":"product","2":"type-product","3":"status-publish","4":"has-post-thumbnail","6":"product_cat-holzfassaden","7":"product_cat-holzverkleidung-aussenbereich","9":"first","10":"instock","11":"taxable","12":"shipping-taxable","13":"purchasable","14":"product-type-variable"},"acf":[],"_links":{"self":[{"href":"https:\/\/enipau.ro\/ch\/wp-json\/wp\/v2\/product\/27165","targetHints":{"allow":["GET"]}}],"collection":[{"href":"https:\/\/enipau.ro\/ch\/wp-json\/wp\/v2\/product"}],"about":[{"href":"https:\/\/enipau.ro\/ch\/wp-json\/wp\/v2\/types\/product"}],"replies":[{"embeddable":true,"href":"https:\/\/enipau.ro\/ch\/wp-json\/wp\/v2\/comments?post=27165"}],"wp:featuredmedia":[{"embeddable":true,"href":"https:\/\/enipau.ro\/ch\/wp-json\/wp\/v2\/media\/27166"}],"wp:attachment":[{"href":"https:\/\/enipau.ro\/ch\/wp-json\/wp\/v2\/media?parent=27165"}],"wp:term":[{"taxonomy":"product_brand","embeddable":true,"href":"https:\/\/enipau.ro\/ch\/wp-json\/wp\/v2\/product_brand?post=27165"},{"taxonomy":"product_cat","embeddable":true,"href":"https:\/\/enipau.ro\/ch\/wp-json\/wp\/v2\/product_cat?post=27165"},{"taxonomy":"product_tag","embeddable":true,"href":"https:\/\/enipau.ro\/ch\/wp-json\/wp\/v2\/product_tag?post=27165"}],"curies":[{"name":"wp","href":"https:\/\/api.w.org\/{rel}","templated":true}]}}