{"id":27245,"date":"2023-07-11T19:38:45","date_gmt":"2023-07-11T19:38:45","guid":{"rendered":"https:\/\/enipau.ro\/produs\/uncategorized\/verbranntes-holz-a2\/"},"modified":"2023-07-11T19:38:45","modified_gmt":"2023-07-11T19:38:45","slug":"verbranntes-holz-a2","status":"publish","type":"product","link":"https:\/\/enipau.ro\/ch\/produkt\/holzverkleidung-aussenbereich\/verbranntes-holz-a2\/","title":{"rendered":"Verbranntes Holz A2"},"content":{"rendered":"","protected":false},"excerpt":{"rendered":"<p>Es handelt sich um eine Holzart, die tief gebrannt und anschlie\u00dfend w\u00e4rmebehandelt wird. Nach diesen Verfahren wird das Produkt mit einer Wachsschicht \u00fcberzogen, die speziell zum Schutz vor Witterungseinfl\u00fcssen entwickelt wurde.  Was diese Art von Holz so sch\u00f6n macht, ist die Tatsache, dass es zwar verbrannt wird, der Ru\u00df aber durch die Behandlung vollst\u00e4ndig verru\u00dft wird. Verbrannte Holzvert\u00e4felung kann also mit Sicherheit sowohl im Innen- als auch im Au\u00dfenbereich Ihres Hauses verwendet werden und bietet einen einzigartigen und besonderen Look. <\/p>\n<p>Diese Art von verbranntem Holz eignet sich hervorragend f\u00fcr moderne H\u00e4user oder Landh\u00e4user und verleiht Ihrem Bauwerk einen Hauch von Eleganz.<\/p>\n","protected":false},"featured_media":27246,"comment_status":"closed","ping_status":"closed","template":"","meta":{"_acf_changed":false},"product_brand":[],"product_cat":[2609,2520],"product_tag":[],"class_list":{"0":"post-27245","1":"product","2":"type-product","3":"status-publish","4":"has-post-thumbnail","6":"product_cat-gebrannt-behandeltes-holz","7":"product_cat-holzverkleidung-aussenbereich","9":"first","10":"instock","11":"taxable","12":"shipping-taxable","13":"purchasable","14":"product-type-variable"},"acf":[],"_links":{"self":[{"href":"https:\/\/enipau.ro\/ch\/wp-json\/wp\/v2\/product\/27245","targetHints":{"allow":["GET"]}}],"collection":[{"href":"https:\/\/enipau.ro\/ch\/wp-json\/wp\/v2\/product"}],"about":[{"href":"https:\/\/enipau.ro\/ch\/wp-json\/wp\/v2\/types\/product"}],"replies":[{"embeddable":true,"href":"https:\/\/enipau.ro\/ch\/wp-json\/wp\/v2\/comments?post=27245"}],"wp:featuredmedia":[{"embeddable":true,"href":"https:\/\/enipau.ro\/ch\/wp-json\/wp\/v2\/media\/27246"}],"wp:attachment":[{"href":"https:\/\/enipau.ro\/ch\/wp-json\/wp\/v2\/media?parent=27245"}],"wp:term":[{"taxonomy":"product_brand","embeddable":true,"href":"https:\/\/enipau.ro\/ch\/wp-json\/wp\/v2\/product_brand?post=27245"},{"taxonomy":"product_cat","embeddable":true,"href":"https:\/\/enipau.ro\/ch\/wp-json\/wp\/v2\/product_cat?post=27245"},{"taxonomy":"product_tag","embeddable":true,"href":"https:\/\/enipau.ro\/ch\/wp-json\/wp\/v2\/product_tag?post=27245"}],"curies":[{"name":"wp","href":"https:\/\/api.w.org\/{rel}","templated":true}]}}