{"id":27263,"date":"2023-07-11T17:16:11","date_gmt":"2023-07-11T17:16:11","guid":{"rendered":"https:\/\/enipau.ro\/produs\/uncategorized\/verkleidungselement-typ-v\/"},"modified":"2023-07-11T17:16:11","modified_gmt":"2023-07-11T17:16:11","slug":"verkleidungselement-typ-v","status":"publish","type":"product","link":"https:\/\/enipau.ro\/ch\/produkt\/holzverkleidung-aussenbereich\/verkleidungselement-typ-v\/","title":{"rendered":"Verkleidungselement Typ V"},"content":{"rendered":"","protected":false},"excerpt":{"rendered":"<p>Wenn Sie sich f\u00fcr das V-Type Verkleidungselement entscheiden, verleihen Sie Ihren Wand-, Boden- oder anderen Oberfl\u00e4chenverkleidungsprojekten einen Hauch von Raffinesse und Authentizit\u00e4t. Diese Elemente k\u00f6nnen in einer Vielzahl von R\u00e4umen verwendet werden, von Wohn- und Gesch\u00e4ftsr\u00e4umen bis hin zu Au\u00dfenbereichen, und bieten eine au\u00dfergew\u00f6hnliche Flexibilit\u00e4t in der Verwendung. Das Produkt V-Type Cladding Element wird aus hochwertigem Holz hergestellt, das eine lange Lebensdauer und Widerstandsf\u00e4higkeit gegen\u00fcber \u00e4u\u00dferen Einfl\u00fcssen gew\u00e4hrleistet. Dar\u00fcber hinaus sind diese Verkleidungselemente einfach zu montieren, so dass Sie ohne zus\u00e4tzlichen Aufwand einzigartige und spektakul\u00e4re Designs schaffen k\u00f6nnen.    <\/p>\n","protected":false},"featured_media":27264,"comment_status":"closed","ping_status":"closed","template":"","meta":{"_acf_changed":false},"product_brand":[],"product_cat":[2594,2520],"product_tag":[],"class_list":{"0":"post-27263","1":"product","2":"type-product","3":"status-publish","4":"has-post-thumbnail","6":"product_cat-holzfassaden","7":"product_cat-holzverkleidung-aussenbereich","9":"first","10":"instock","11":"taxable","12":"shipping-taxable","13":"purchasable","14":"product-type-variable"},"acf":[],"_links":{"self":[{"href":"https:\/\/enipau.ro\/ch\/wp-json\/wp\/v2\/product\/27263","targetHints":{"allow":["GET"]}}],"collection":[{"href":"https:\/\/enipau.ro\/ch\/wp-json\/wp\/v2\/product"}],"about":[{"href":"https:\/\/enipau.ro\/ch\/wp-json\/wp\/v2\/types\/product"}],"replies":[{"embeddable":true,"href":"https:\/\/enipau.ro\/ch\/wp-json\/wp\/v2\/comments?post=27263"}],"wp:featuredmedia":[{"embeddable":true,"href":"https:\/\/enipau.ro\/ch\/wp-json\/wp\/v2\/media\/27264"}],"wp:attachment":[{"href":"https:\/\/enipau.ro\/ch\/wp-json\/wp\/v2\/media?parent=27263"}],"wp:term":[{"taxonomy":"product_brand","embeddable":true,"href":"https:\/\/enipau.ro\/ch\/wp-json\/wp\/v2\/product_brand?post=27263"},{"taxonomy":"product_cat","embeddable":true,"href":"https:\/\/enipau.ro\/ch\/wp-json\/wp\/v2\/product_cat?post=27263"},{"taxonomy":"product_tag","embeddable":true,"href":"https:\/\/enipau.ro\/ch\/wp-json\/wp\/v2\/product_tag?post=27263"}],"curies":[{"name":"wp","href":"https:\/\/api.w.org\/{rel}","templated":true}]}}