{"id":27308,"date":"2023-07-11T17:01:55","date_gmt":"2023-07-11T17:01:55","guid":{"rendered":"https:\/\/enipau.ro\/produs\/uncategorized\/fassadenelement-f1-rhombus\/"},"modified":"2023-07-11T17:01:55","modified_gmt":"2023-07-11T17:01:55","slug":"fassadenelement-f1-rhombus","status":"publish","type":"product","link":"https:\/\/enipau.ro\/ch\/produkt\/holzverkleidung-aussenbereich\/fassadenelement-f1-rhombus\/","title":{"rendered":"Fassadenelement F1 Rhombus"},"content":{"rendered":"","protected":false},"excerpt":{"rendered":"<p>Dieses Element ist aus gebranntem Fichtenholz gefertigt, geb\u00fcrstet und gewachst, um jedem Fassadenprojekt einen besonderen Look und Charme zu verleihen.<\/p>\n<p>Das verbrannte Fichtenholz verleiht dem Produkt einen Hauch von Geheimnis und Raffinesse, w\u00e4hrend die geb\u00fcrstete und gewachste Oberfl\u00e4che f\u00fcr einen zarten Glanz und zus\u00e4tzlichen Schutz vor \u00e4u\u00dferen Einfl\u00fcssen sorgt.<\/p>\n<p>Das Rombus F1 Fassadenelement F1 ist einfach zu installieren und passt perfekt in Wohn- oder Gewerbeprojekte. Es kann verwendet werden, um den Au\u00dfenw\u00e4nden Ihres Hauses, Ihrer H\u00fctte oder Ihres Restaurants ein auff\u00e4lliges dekoratives Element hinzuzuf\u00fcgen und gibt Ihnen die M\u00f6glichkeit, Ihre Kreativit\u00e4t bei der Fassadengestaltung zum Ausdruck zu bringen.<\/p>\n","protected":false},"featured_media":27309,"comment_status":"closed","ping_status":"closed","template":"","meta":{"_acf_changed":false},"product_brand":[],"product_cat":[2594,2520],"product_tag":[],"class_list":{"0":"post-27308","1":"product","2":"type-product","3":"status-publish","4":"has-post-thumbnail","6":"product_cat-holzfassaden","7":"product_cat-holzverkleidung-aussenbereich","9":"first","10":"instock","11":"taxable","12":"shipping-taxable","13":"purchasable","14":"product-type-variable"},"acf":[],"_links":{"self":[{"href":"https:\/\/enipau.ro\/ch\/wp-json\/wp\/v2\/product\/27308","targetHints":{"allow":["GET"]}}],"collection":[{"href":"https:\/\/enipau.ro\/ch\/wp-json\/wp\/v2\/product"}],"about":[{"href":"https:\/\/enipau.ro\/ch\/wp-json\/wp\/v2\/types\/product"}],"replies":[{"embeddable":true,"href":"https:\/\/enipau.ro\/ch\/wp-json\/wp\/v2\/comments?post=27308"}],"wp:featuredmedia":[{"embeddable":true,"href":"https:\/\/enipau.ro\/ch\/wp-json\/wp\/v2\/media\/27309"}],"wp:attachment":[{"href":"https:\/\/enipau.ro\/ch\/wp-json\/wp\/v2\/media?parent=27308"}],"wp:term":[{"taxonomy":"product_brand","embeddable":true,"href":"https:\/\/enipau.ro\/ch\/wp-json\/wp\/v2\/product_brand?post=27308"},{"taxonomy":"product_cat","embeddable":true,"href":"https:\/\/enipau.ro\/ch\/wp-json\/wp\/v2\/product_cat?post=27308"},{"taxonomy":"product_tag","embeddable":true,"href":"https:\/\/enipau.ro\/ch\/wp-json\/wp\/v2\/product_tag?post=27308"}],"curies":[{"name":"wp","href":"https:\/\/api.w.org\/{rel}","templated":true}]}}