{"id":28092,"date":"2023-07-11T11:09:34","date_gmt":"2023-07-11T11:09:34","guid":{"rendered":"https:\/\/enipau.ro\/produs\/uncategorized\/molid-verleimte-platte\/"},"modified":"2023-07-11T11:09:34","modified_gmt":"2023-07-11T11:09:34","slug":"molid-verleimte-platte","status":"publish","type":"product","link":"https:\/\/enipau.ro\/ch\/produkt\/3-schicht-massivholzplatte\/molid-verleimte-platte\/","title":{"rendered":"MOLID\u00ae verleimte Platte"},"content":{"rendered":"","protected":false},"excerpt":{"rendered":"<p>Verleimte Fichtenholzplatten sind einfach zu verlegen und zu pflegen, so dass Sie sich jahrelang an ihrer Sch\u00f6nheit erfreuen k\u00f6nnen. Fichtenholz ist bekannt f\u00fcr seine Dimensionsstabilit\u00e4t und seine Widerstandsf\u00e4higkeit gegen Feuchtigkeitsschwankungen, was diese Platten zu einer ausgezeichneten Wahl f\u00fcr Projekte im Innen- und Au\u00dfenbereich macht. <\/p>\n<p>Entdecken Sie die Qualit\u00e4t und Eleganz von Fichtenholz in jedem Nut- und Federpaneel und entscheiden Sie sich daf\u00fcr, ein nat\u00fcrliches und authentisches Gef\u00fchl in Ihr Zuhause oder Ihre Gesch\u00e4ftsr\u00e4ume zu bringen. Entscheiden Sie sich f\u00fcr Nut- und Federpaneele aus Fichtenholz, um Ihre Designprojekte zu einem angenehmen und authentischen Erlebnis zu machen!  <\/p>\n","protected":false},"featured_media":28093,"comment_status":"closed","ping_status":"closed","template":"","meta":{"_acf_changed":false},"product_brand":[],"product_cat":[2613],"product_tag":[],"class_list":{"0":"post-28092","1":"product","2":"type-product","3":"status-publish","4":"has-post-thumbnail","6":"product_cat-3-schicht-massivholzplatte","8":"first","9":"instock","10":"taxable","11":"shipping-taxable","12":"purchasable","13":"product-type-variable","14":"has-default-attributes"},"acf":[],"_links":{"self":[{"href":"https:\/\/enipau.ro\/ch\/wp-json\/wp\/v2\/product\/28092","targetHints":{"allow":["GET"]}}],"collection":[{"href":"https:\/\/enipau.ro\/ch\/wp-json\/wp\/v2\/product"}],"about":[{"href":"https:\/\/enipau.ro\/ch\/wp-json\/wp\/v2\/types\/product"}],"replies":[{"embeddable":true,"href":"https:\/\/enipau.ro\/ch\/wp-json\/wp\/v2\/comments?post=28092"}],"wp:featuredmedia":[{"embeddable":true,"href":"https:\/\/enipau.ro\/ch\/wp-json\/wp\/v2\/media\/28093"}],"wp:attachment":[{"href":"https:\/\/enipau.ro\/ch\/wp-json\/wp\/v2\/media?parent=28092"}],"wp:term":[{"taxonomy":"product_brand","embeddable":true,"href":"https:\/\/enipau.ro\/ch\/wp-json\/wp\/v2\/product_brand?post=28092"},{"taxonomy":"product_cat","embeddable":true,"href":"https:\/\/enipau.ro\/ch\/wp-json\/wp\/v2\/product_cat?post=28092"},{"taxonomy":"product_tag","embeddable":true,"href":"https:\/\/enipau.ro\/ch\/wp-json\/wp\/v2\/product_tag?post=28092"}],"curies":[{"name":"wp","href":"https:\/\/api.w.org\/{rel}","templated":true}]}}