{"id":28227,"date":"2023-07-11T07:57:49","date_gmt":"2023-07-11T07:57:49","guid":{"rendered":"https:\/\/enipau.ro\/produs\/uncategorized\/premium-holzverkleidungen-m40\/"},"modified":"2023-07-11T07:57:49","modified_gmt":"2023-07-11T07:57:49","slug":"premium-holzverkleidungen-m40","status":"publish","type":"product","link":"https:\/\/enipau.ro\/ch\/produkt\/holzverkleidung-aussenbereich\/premium-holzverkleidungen-m40\/","title":{"rendered":"Premium-Holzverkleidungen M40"},"content":{"rendered":"","protected":false},"excerpt":{"rendered":"<p>Einzigartige Holzvert\u00e4felung aus Holz, das bei bis zu 120 Grad Celsius w\u00e4rmebehandelt wurde. Die Textur entsteht durch das tiefe Brennen des Holzes, das anschlie\u00dfend geb\u00fcrstet und mit einem speziellen Wachs behandelt wird, das ihm Festigkeit verleiht. Diese W\u00e4rmebehandlung und das Wachsfinish verleihen dem Holz au\u00dfergew\u00f6hnliche Qualit\u00e4ten, so dass es sich sowohl f\u00fcr den Innenbereich eignet, um ihm einen rustikalen und authentischen Charme zu verleihen, als auch f\u00fcr den Au\u00dfenbereich, wo es den Herausforderungen der Umwelt erfolgreich standh\u00e4lt.  <\/p>\n","protected":false},"featured_media":28228,"comment_status":"closed","ping_status":"closed","template":"","meta":{"_acf_changed":false},"product_brand":[],"product_cat":[2520,2521,2588],"product_tag":[],"class_list":{"0":"post-28227","1":"product","2":"type-product","3":"status-publish","4":"has-post-thumbnail","6":"product_cat-holzverkleidung-aussenbereich","7":"product_cat-innenverkleidung-holz","8":"product_cat-premium-holzverkleidung","10":"first","11":"instock","12":"taxable","13":"shipping-taxable","14":"purchasable","15":"product-type-variable"},"acf":[],"_links":{"self":[{"href":"https:\/\/enipau.ro\/ch\/wp-json\/wp\/v2\/product\/28227","targetHints":{"allow":["GET"]}}],"collection":[{"href":"https:\/\/enipau.ro\/ch\/wp-json\/wp\/v2\/product"}],"about":[{"href":"https:\/\/enipau.ro\/ch\/wp-json\/wp\/v2\/types\/product"}],"replies":[{"embeddable":true,"href":"https:\/\/enipau.ro\/ch\/wp-json\/wp\/v2\/comments?post=28227"}],"wp:featuredmedia":[{"embeddable":true,"href":"https:\/\/enipau.ro\/ch\/wp-json\/wp\/v2\/media\/28228"}],"wp:attachment":[{"href":"https:\/\/enipau.ro\/ch\/wp-json\/wp\/v2\/media?parent=28227"}],"wp:term":[{"taxonomy":"product_brand","embeddable":true,"href":"https:\/\/enipau.ro\/ch\/wp-json\/wp\/v2\/product_brand?post=28227"},{"taxonomy":"product_cat","embeddable":true,"href":"https:\/\/enipau.ro\/ch\/wp-json\/wp\/v2\/product_cat?post=28227"},{"taxonomy":"product_tag","embeddable":true,"href":"https:\/\/enipau.ro\/ch\/wp-json\/wp\/v2\/product_tag?post=28227"}],"curies":[{"name":"wp","href":"https:\/\/api.w.org\/{rel}","templated":true}]}}