{"id":28677,"date":"2023-07-05T07:43:11","date_gmt":"2023-07-05T07:43:11","guid":{"rendered":"https:\/\/enipau.ro\/produs\/uncategorized\/gehobeltes-schnittholz-aus-sibirischer-laerche\/"},"modified":"2025-03-21T16:48:07","modified_gmt":"2025-03-21T16:48:07","slug":"gehobeltes-schnittholz-aus-sibirischer-laerche","status":"publish","type":"product","link":"https:\/\/enipau.ro\/ch\/produkt\/holzverkleidung-aussenbereich\/gehobeltes-schnittholz-aus-sibirischer-laerche\/","title":{"rendered":"Gehobeltes Schnittholz aus sibirischer L\u00e4rche"},"content":{"rendered":"","protected":false},"excerpt":{"rendered":"<p>Gehobeltes Schnittholz aus sibirischer L\u00e4rche ist die perfekte Wahl f\u00fcr Ihre Bau- und Landschaftsbauprojekte. Es verleiht jedem Raum oder Au\u00dfenprojekt einen eleganten und robusten Touch. Hergestellt aus sibirischem L\u00e4rchenholz h\u00f6chster Qualit\u00e4t, zeichnet sich dieses Holz durch seine au\u00dfergew\u00f6hnlichen Eigenschaften und seine Langlebigkeit aus. <\/p>\n<p>Das Produkt wird einzeln verkauft.<\/p>\n","protected":false},"featured_media":28678,"comment_status":"closed","ping_status":"closed","template":"","meta":{"_acf_changed":false},"product_brand":[],"product_cat":[2520,2567],"product_tag":[],"class_list":{"0":"post-28677","1":"product","2":"type-product","3":"status-publish","4":"has-post-thumbnail","6":"product_cat-holzverkleidung-aussenbereich","7":"product_cat-laerchenholzprodukte","9":"first","10":"instock","11":"taxable","12":"shipping-taxable","13":"purchasable","14":"product-type-variable"},"acf":[],"_links":{"self":[{"href":"https:\/\/enipau.ro\/ch\/wp-json\/wp\/v2\/product\/28677","targetHints":{"allow":["GET"]}}],"collection":[{"href":"https:\/\/enipau.ro\/ch\/wp-json\/wp\/v2\/product"}],"about":[{"href":"https:\/\/enipau.ro\/ch\/wp-json\/wp\/v2\/types\/product"}],"replies":[{"embeddable":true,"href":"https:\/\/enipau.ro\/ch\/wp-json\/wp\/v2\/comments?post=28677"}],"wp:featuredmedia":[{"embeddable":true,"href":"https:\/\/enipau.ro\/ch\/wp-json\/wp\/v2\/media\/28678"}],"wp:attachment":[{"href":"https:\/\/enipau.ro\/ch\/wp-json\/wp\/v2\/media?parent=28677"}],"wp:term":[{"taxonomy":"product_brand","embeddable":true,"href":"https:\/\/enipau.ro\/ch\/wp-json\/wp\/v2\/product_brand?post=28677"},{"taxonomy":"product_cat","embeddable":true,"href":"https:\/\/enipau.ro\/ch\/wp-json\/wp\/v2\/product_cat?post=28677"},{"taxonomy":"product_tag","embeddable":true,"href":"https:\/\/enipau.ro\/ch\/wp-json\/wp\/v2\/product_tag?post=28677"}],"curies":[{"name":"wp","href":"https:\/\/api.w.org\/{rel}","templated":true}]}}