{"id":28726,"date":"2022-04-07T18:11:05","date_gmt":"2022-04-07T18:11:05","guid":{"rendered":"https:\/\/enipau.ro\/produs\/uncategorized\/fichten-holzvertaefelung-fuer-fassade-3d\/"},"modified":"2022-04-07T18:11:05","modified_gmt":"2022-04-07T18:11:05","slug":"fichten-holzvertaefelung-fuer-fassade-3d","status":"publish","type":"product","link":"https:\/\/enipau.ro\/ch\/produkt\/holzverkleidung-aussenbereich\/fichten-holzvertaefelung-fuer-fassade-3d\/","title":{"rendered":"Fichten-Holzvert\u00e4felung f\u00fcr Fassade (3D)"},"content":{"rendered":"<p>Die Fichten-Holzvert\u00e4felung wird fertig behandelt geliefert. Sie ist mit Lack auf Wachsbasis impr\u00e4gniert und kann in der vom Kunden gew\u00fcnschten Farbe gestrichen werden. <\/p>\n<ul>\n<li>Abmessungen: 140 mm x 20 mm x 4m<\/li>\n<li>Preis: 180 Lei + MwSt. (Quadratmeter)<\/li>\n<\/ul>\n<p>Kontaktieren Sie uns f\u00fcr ein Angebot!<\/p>\n<p>&nbsp;<\/p>\n","protected":false},"excerpt":{"rendered":"<p>Wir produzieren und verkaufen 3D Fichten-Holzvert\u00e4felung, ideal f\u00fcr Geb\u00e4ude unterschiedlicher Gr\u00f6\u00dfe. Die Fichten-Holzvert\u00e4felung bietet Wohn- und Gesch\u00e4ftsr\u00e4umen verschiedene Vorteile. Sie verbindet auf harmonische Weise Funktionalit\u00e4t (Schalld\u00e4mmung, W\u00e4rmed\u00e4mmung, hohe Haltbarkeit) mit hochwertiger \u00c4sthetik. Das Ergebnis ist ein besonderes Endprodukt, das den Menschen der Natur n\u00e4her bringt.  <\/p>\n","protected":false},"featured_media":28737,"comment_status":"closed","ping_status":"closed","template":"","meta":{"_acf_changed":false},"product_brand":[],"product_cat":[2594,2520],"product_tag":[],"class_list":{"0":"post-28726","1":"product","2":"type-product","3":"status-publish","4":"has-post-thumbnail","6":"product_cat-holzfassaden","7":"product_cat-holzverkleidung-aussenbereich","9":"first","10":"instock","11":"taxable","12":"shipping-taxable","13":"purchasable","14":"product-type-simple"},"acf":[],"_links":{"self":[{"href":"https:\/\/enipau.ro\/ch\/wp-json\/wp\/v2\/product\/28726","targetHints":{"allow":["GET"]}}],"collection":[{"href":"https:\/\/enipau.ro\/ch\/wp-json\/wp\/v2\/product"}],"about":[{"href":"https:\/\/enipau.ro\/ch\/wp-json\/wp\/v2\/types\/product"}],"replies":[{"embeddable":true,"href":"https:\/\/enipau.ro\/ch\/wp-json\/wp\/v2\/comments?post=28726"}],"wp:featuredmedia":[{"embeddable":true,"href":"https:\/\/enipau.ro\/ch\/wp-json\/wp\/v2\/media\/28737"}],"wp:attachment":[{"href":"https:\/\/enipau.ro\/ch\/wp-json\/wp\/v2\/media?parent=28726"}],"wp:term":[{"taxonomy":"product_brand","embeddable":true,"href":"https:\/\/enipau.ro\/ch\/wp-json\/wp\/v2\/product_brand?post=28726"},{"taxonomy":"product_cat","embeddable":true,"href":"https:\/\/enipau.ro\/ch\/wp-json\/wp\/v2\/product_cat?post=28726"},{"taxonomy":"product_tag","embeddable":true,"href":"https:\/\/enipau.ro\/ch\/wp-json\/wp\/v2\/product_tag?post=28726"}],"curies":[{"name":"wp","href":"https:\/\/api.w.org\/{rel}","templated":true}]}}