{"id":28738,"date":"2022-04-05T12:55:57","date_gmt":"2022-04-05T12:55:57","guid":{"rendered":"https:\/\/enipau.ro\/produs\/uncategorized\/fichten-holzvertaefelung-fuer-die-fassade-typ-schuppen\/"},"modified":"2022-04-05T12:55:57","modified_gmt":"2022-04-05T12:55:57","slug":"fichten-holzvertaefelung-fuer-die-fassade-typ-schuppen","status":"publish","type":"product","link":"https:\/\/enipau.ro\/ch\/produkt\/holzverkleidung-aussenbereich\/fichten-holzvertaefelung-fuer-die-fassade-typ-schuppen\/","title":{"rendered":"Fichten-Holzvert\u00e4felung f\u00fcr die Fassade (Typ Schuppen)"},"content":{"rendered":"<p>Die Fichten-Holzvert\u00e4felung f\u00fcr Waagen wird fertig behandelt geliefert. Sie ist mit Lack auf Wachsbasis impr\u00e4gniert und kann in der vom Kunden gew\u00fcnschten Farbe lackiert werden. <\/p>\n<ul>\n<li>Abmessungen: 140 mm x 20 mm x 4m<\/li>\n<li>Preis: 175 Lei + MwSt. (m\u00b2)<\/li>\n<\/ul>\n<p>Kontaktieren Sie uns f\u00fcr ein Angebot!<\/p>\n","protected":false},"excerpt":{"rendered":"<p>Wir produzieren und verkaufen Fichten-Holzvert\u00e4felungen, die sich ideal f\u00fcr die Au\u00dfenverkleidung von H\u00e4usern und Gesch\u00e4ftsr\u00e4umen eignen und verschiedene Vorteile bieten.<br \/>\nEs verbindet auf harmonische Weise Funktionalit\u00e4t mit hochwertiger \u00c4sthetik. Das Ergebnis ist ein besonderes Endprodukt, das die Menschen der Natur n\u00e4her bringt. Es ist schall- und w\u00e4rmed\u00e4mmend, langlebig und \u00e4u\u00dferst vielseitig. <\/p>\n","protected":false},"featured_media":28727,"comment_status":"closed","ping_status":"closed","template":"","meta":{"_acf_changed":false},"product_brand":[],"product_cat":[2594,2520],"product_tag":[],"class_list":{"0":"post-28738","1":"product","2":"type-product","3":"status-publish","4":"has-post-thumbnail","6":"product_cat-holzfassaden","7":"product_cat-holzverkleidung-aussenbereich","9":"first","10":"instock","11":"taxable","12":"shipping-taxable","13":"purchasable","14":"product-type-variable"},"acf":[],"_links":{"self":[{"href":"https:\/\/enipau.ro\/ch\/wp-json\/wp\/v2\/product\/28738","targetHints":{"allow":["GET"]}}],"collection":[{"href":"https:\/\/enipau.ro\/ch\/wp-json\/wp\/v2\/product"}],"about":[{"href":"https:\/\/enipau.ro\/ch\/wp-json\/wp\/v2\/types\/product"}],"replies":[{"embeddable":true,"href":"https:\/\/enipau.ro\/ch\/wp-json\/wp\/v2\/comments?post=28738"}],"wp:featuredmedia":[{"embeddable":true,"href":"https:\/\/enipau.ro\/ch\/wp-json\/wp\/v2\/media\/28727"}],"wp:attachment":[{"href":"https:\/\/enipau.ro\/ch\/wp-json\/wp\/v2\/media?parent=28738"}],"wp:term":[{"taxonomy":"product_brand","embeddable":true,"href":"https:\/\/enipau.ro\/ch\/wp-json\/wp\/v2\/product_brand?post=28738"},{"taxonomy":"product_cat","embeddable":true,"href":"https:\/\/enipau.ro\/ch\/wp-json\/wp\/v2\/product_cat?post=28738"},{"taxonomy":"product_tag","embeddable":true,"href":"https:\/\/enipau.ro\/ch\/wp-json\/wp\/v2\/product_tag?post=28738"}],"curies":[{"name":"wp","href":"https:\/\/api.w.org\/{rel}","templated":true}]}}