{"id":28759,"date":"2022-03-17T09:17:14","date_gmt":"2022-03-17T09:17:14","guid":{"rendered":"https:\/\/enipau.ro\/produs\/uncategorized\/brettschichtholzbalken-und-sparren-laminiert\/"},"modified":"2025-05-07T15:33:34","modified_gmt":"2025-05-07T15:33:34","slug":"brettschichtholzbalken-und-sparren-laminiert","status":"publish","type":"product","link":"https:\/\/enipau.ro\/ch\/produkt\/fichtenholz\/brettschichtholzbalken-und-sparren-laminiert\/","title":{"rendered":"Brettschichtholzbalken und Sparren (laminiert)"},"content":{"rendered":"<ul>\n<li>L\u00e4nge: 13.5m<\/li>\n<li>M\u00f6glichkeit der Farbimpr\u00e4gnierung auf Kundenwunsch<\/li>\n<li>M\u00f6glichkeit der personalisierten Abbuchung auf Anfrage (Service gegen Aufpreis)<\/li>\n<li>Resistenz-Zertifikat<\/li>\n<li><strong>Preis von \u20ac735 \u2013 \u20ac785 \/ m\u00b3<\/strong><\/li>\n<\/ul>\n<p>&nbsp;<\/p>\n<div class=\"custom-table-mihai\" style=\"text-align: center;\">\n<p>S = <span class=\"stoc\">Bestand<\/span>, C = <span class=\"comanda\">Bestellung<\/span><\/p>\n<table><!-- Table Head --><\/p>\n<thead><!-- First row: \"INALTIME mm\" spans down, \"GROSIME mm\" spans across --><\/p>\n<tr>\n<th class=\"header-left\" rowspan=\"2\">H\u00f6he (mm)<\/th>\n<th class=\"header-top\" colspan=\"9\">Dicke (mm)<\/th>\n<\/tr>\n<p><!-- Second row: numeric column headers --><\/p>\n<tr class=\"grosime-row\">\n<th>80<\/th>\n<th>100<\/th>\n<th>120<\/th>\n<th>140<\/th>\n<th>160<\/th>\n<th>180<\/th>\n<th>200<\/th>\n<th>240<\/th>\n<\/tr>\n<\/thead>\n<p><!-- Table Body --><\/p>\n<tbody><!-- 640 mm row --><\/p>\n<tr>\n<th class=\"header-left\">640<\/th>\n<td class=\"red\">C<\/td>\n<td class=\"red\">C<\/td>\n<td class=\"red\">C<\/td>\n<td class=\"red\">C<\/td>\n<td class=\"red\">C<\/td>\n<td class=\"red\">C<\/td>\n<td class=\"red\">C<\/td>\n<td class=\"red\">C<\/td>\n<\/tr>\n<p><!-- 600 mm row --><\/p>\n<tr>\n<th class=\"header-left\">600<\/th>\n<td class=\"red\">C<\/td>\n<td class=\"red\">C<\/td>\n<td class=\"red\">C<\/td>\n<td class=\"red\">C<\/td>\n<td class=\"red\">C<\/td>\n<td class=\"red\">C<\/td>\n<td class=\"red\">C<\/td>\n<td class=\"red\">C<\/td>\n<\/tr>\n<p><!-- 560 mm row --><\/p>\n<tr>\n<th class=\"header-left\">560<\/th>\n<td class=\"red\">C<\/td>\n<td class=\"red\">C<\/td>\n<td class=\"red\">C<\/td>\n<td class=\"red\">C<\/td>\n<td class=\"red\">C<\/td>\n<td class=\"red\">C<\/td>\n<td class=\"red\">C<\/td>\n<td class=\"red\">C<\/td>\n<\/tr>\n<p><!-- 520 mm row --><\/p>\n<tr>\n<th class=\"header-left\">520<\/th>\n<td class=\"red\">C<\/td>\n<td class=\"red\">C<\/td>\n<td class=\"red\">C<\/td>\n<td class=\"red\">C<\/td>\n<td class=\"red\">C<\/td>\n<td class=\"red\">C<\/td>\n<td class=\"red\">C<\/td>\n<td class=\"red\">C<\/td>\n<\/tr>\n<p><!-- 480 mm row --><\/p>\n<tr>\n<th class=\"header-left\">480<\/th>\n<td class=\"red\">C<\/td>\n<td class=\"red\">C<\/td>\n<td class=\"red\">C<\/td>\n<td class=\"red\">C<\/td>\n<td class=\"red\">C<\/td>\n<td class=\"red\">C<\/td>\n<td class=\"red\">C<\/td>\n<td class=\"red\">C<\/td>\n<\/tr>\n<p><!-- 440 mm row --><\/p>\n<tr>\n<th class=\"header-left\">440<\/th>\n<td class=\"red\">C<\/td>\n<td class=\"red\">C<\/td>\n<td class=\"red\">C<\/td>\n<td class=\"red\">C<\/td>\n<td class=\"red\">C<\/td>\n<td class=\"red\">C<\/td>\n<td class=\"red\">C<\/td>\n<td class=\"red\">C<\/td>\n<\/tr>\n<p><!-- 400 mm row --><\/p>\n<tr>\n<th class=\"header-left\">400<\/th>\n<td class=\"red\">C<\/td>\n<td class=\"red\">C<\/td>\n<td class=\"red\">C<\/td>\n<td class=\"red\">C<\/td>\n<td class=\"red\">C<\/td>\n<td class=\"red\">C<\/td>\n<td class=\"red\">C<\/td>\n<td class=\"red\">C<\/td>\n<\/tr>\n<p><!-- 360 mm row --><\/p>\n<tr>\n<th class=\"header-left\">360<\/th>\n<td class=\"red\">C<\/td>\n<td class=\"red\">C<\/td>\n<td class=\"red\">C<\/td>\n<td class=\"red\">C<\/td>\n<td class=\"red\">C<\/td>\n<td class=\"red\">C<\/td>\n<td class=\"red\">C<\/td>\n<td class=\"red\">C<\/td>\n<\/tr>\n<p><!-- 320 mm row --><\/p>\n<tr>\n<th class=\"header-left\">320<\/th>\n<td class=\"red\">C<\/td>\n<td class=\"red\">C<\/td>\n<td class=\"red\">C<\/td>\n<td class=\"green\">S<\/td>\n<td class=\"red\">C<\/td>\n<td class=\"red\">C<\/td>\n<td class=\"red\">C<\/td>\n<td class=\"red\">C<\/td>\n<\/tr>\n<p><!-- 280 mm row --><\/p>\n<tr>\n<th class=\"header-left\">280<\/th>\n<td class=\"red\">C<\/td>\n<td class=\"red\">C<\/td>\n<td class=\"red\">C<\/td>\n<td class=\"red\">C<\/td>\n<td class=\"red\">C<\/td>\n<td class=\"red\">C<\/td>\n<td class=\"red\">C<\/td>\n<td class=\"red\">C<\/td>\n<\/tr>\n<p><!-- 240 mm row --><\/p>\n<tr>\n<th class=\"header-left\">240<\/th>\n<td class=\"red\">C<\/td>\n<td class=\"red\">C<\/td>\n<td class=\"red\">C<\/td>\n<td class=\"green\">S<\/td>\n<td class=\"red\">C<\/td>\n<td class=\"red\">C<\/td>\n<td class=\"red\">C<\/td>\n<td class=\"red\">C<\/td>\n<\/tr>\n<p><!-- 200 mm row --><\/p>\n<tr>\n<th class=\"header-left\">200<\/th>\n<td class=\"red\">C<\/td>\n<td class=\"green\">S<\/td>\n<td class=\"red\">C<\/td>\n<td class=\"green\">S<\/td>\n<td class=\"red\">C<\/td>\n<td class=\"green\">S<\/td>\n<td class=\"red\">C<\/td>\n<td class=\"black\">&#8211;<\/td>\n<\/tr>\n<p><!-- 160 mm row --><\/p>\n<tr>\n<th class=\"header-left\">160<\/th>\n<td class=\"red\">C<\/td>\n<td class=\"green\">S<\/td>\n<td class=\"red\">C<\/td>\n<td class=\"red\">C<\/td>\n<td class=\"green\">S<\/td>\n<td class=\"black\">&#8211;<\/td>\n<td class=\"black\">&#8211;<\/td>\n<td class=\"black\">&#8211;<\/td>\n<\/tr>\n<p><!-- 140 mm row --><\/p>\n<tr>\n<th class=\"header-left\">140<\/th>\n<td class=\"black\">&#8211;<\/td>\n<td class=\"black\">&#8211;<\/td>\n<td class=\"black\">&#8211;<\/td>\n<td class=\"green\">S<\/td>\n<td class=\"red\">C<\/td>\n<td class=\"red\">C<\/td>\n<td class=\"red\">C<\/td>\n<td class=\"red\">C<\/td>\n<\/tr>\n<p><!-- 120 mm row --><\/p>\n<tr>\n<th class=\"header-left\">120<\/th>\n<td class=\"red\">C<\/td>\n<td class=\"green\">S<\/td>\n<td class=\"green\">S<\/td>\n<td class=\"black\">&#8211;<\/td>\n<td class=\"black\">&#8211;<\/td>\n<td class=\"black\">&#8211;<\/td>\n<td class=\"black\">&#8211;<\/td>\n<td class=\"black\">&#8211;<\/td>\n<\/tr>\n<\/tbody>\n<\/table>\n<\/div>\n","protected":false},"excerpt":{"rendered":"<p>Wir produzieren und verkaufen Brettschichtholzbalken und -sparren, die ideal f\u00fcr nachhaltiges Bauen sind. Dieses Produkt besteht aus verleimtem Brettschichtholz, das an den Enden keilgezinkt ist. Es l\u00e4sst sich daher leicht biegen und kann modelliert werden. Es hat ein geringes Gewicht und eine hohe Tragf\u00e4higkeit und verh\u00e4lt sich sehr gut bei Erdbeben. Brettschichtholz-Balken und -Sparren sind extrem widerstandsf\u00e4hig gegen \u00e4u\u00dfere Einfl\u00fcsse (Feuchtigkeit, Korrosion, Feuer). Neben seinen praktischen Vorteilen und der einfachen Montage erf\u00fcllt es auch eine \u00e4sthetische Funktion und ist bei Architekten ein sehr gesch\u00e4tztes Material.<\/p>\n<p><strong>Die Preise variieren zwischen \u20ac735 \u2013 \u20ac785 \/ m\u00b3.<br \/>\n<\/strong>Kontaktieren Sie uns f\u00fcr ein endg\u00fcltiges Angebot!<\/p>\n","protected":false},"featured_media":28760,"comment_status":"closed","ping_status":"closed","template":"","meta":{"_acf_changed":false},"product_brand":[],"product_cat":[2530,2618,2600,2619],"product_tag":[],"class_list":{"0":"post-28759","1":"product","2":"type-product","3":"status-publish","4":"has-post-thumbnail","6":"product_cat-fichtenholz","7":"product_cat-holzbalken-pfosten","8":"product_cat-holzterrassen-balkone","9":"product_cat-schichtholz","11":"first","12":"instock","13":"taxable","14":"shipping-taxable","15":"purchasable","16":"product-type-simple"},"acf":[],"_links":{"self":[{"href":"https:\/\/enipau.ro\/ch\/wp-json\/wp\/v2\/product\/28759","targetHints":{"allow":["GET"]}}],"collection":[{"href":"https:\/\/enipau.ro\/ch\/wp-json\/wp\/v2\/product"}],"about":[{"href":"https:\/\/enipau.ro\/ch\/wp-json\/wp\/v2\/types\/product"}],"replies":[{"embeddable":true,"href":"https:\/\/enipau.ro\/ch\/wp-json\/wp\/v2\/comments?post=28759"}],"wp:featuredmedia":[{"embeddable":true,"href":"https:\/\/enipau.ro\/ch\/wp-json\/wp\/v2\/media\/28760"}],"wp:attachment":[{"href":"https:\/\/enipau.ro\/ch\/wp-json\/wp\/v2\/media?parent=28759"}],"wp:term":[{"taxonomy":"product_brand","embeddable":true,"href":"https:\/\/enipau.ro\/ch\/wp-json\/wp\/v2\/product_brand?post=28759"},{"taxonomy":"product_cat","embeddable":true,"href":"https:\/\/enipau.ro\/ch\/wp-json\/wp\/v2\/product_cat?post=28759"},{"taxonomy":"product_tag","embeddable":true,"href":"https:\/\/enipau.ro\/ch\/wp-json\/wp\/v2\/product_tag?post=28759"}],"curies":[{"name":"wp","href":"https:\/\/api.w.org\/{rel}","templated":true}]}}