{"id":28766,"date":"2021-08-01T13:02:39","date_gmt":"2021-08-01T13:02:39","guid":{"rendered":"https:\/\/enipau.ro\/produs\/uncategorized\/holzvertaefelung-klasse-b\/"},"modified":"2021-08-01T13:02:39","modified_gmt":"2021-08-01T13:02:39","slug":"holzvertaefelung-klasse-b","status":"publish","type":"product","link":"https:\/\/enipau.ro\/ch\/produkt\/holzverkleidung-aussenbereich\/holzvertaefelung-klasse-b\/","title":{"rendered":"Holzvert\u00e4felung Klasse B"},"content":{"rendered":"<p>Die Holzvert\u00e4felung kann auf Kundenwunsch in verschiedenen Farbt\u00f6nen eingef\u00e4rbt werden. Es wird f\u00fcr horizontale und vertikale Verkleidungen von Bauelementen, f\u00fcr Traufverkleidungen, f\u00fcr Terrassen, Pavillons sowie f\u00fcr W\u00e4nde in Holzh\u00fctten verwendet.<br \/>\nHolzvert\u00e4felungen haben bei richtiger Pflege eine lange Lebensdauer (10-20 Jahre). Je nach verwendeter Holzart muss das Holz mit verschiedenen chemischen L\u00f6sungen gesch\u00fctzt werden, die den Menschen in der Umgebung der Konstruktion nicht schaden.<br \/>\nNeben einer modernen \u00c4sthetik sind die zus\u00e4tzliche W\u00e4rme- und Schalld\u00e4mmung sowie die lange Lebensdauer ein Vorteil. Bei einer Reparatur oder einem Austausch muss nicht bei 0 angefangen werden.<\/p>\n","protected":false},"excerpt":{"rendered":"<p>Wir bieten Ihnen 18mm und 20mm behandelte Holzvert\u00e4felung aus Nadelholz in verschiedenen Gr\u00f6\u00dfen an. Die Holzvert\u00e4felung ist mit Nut- und Federverbindungen an den Seiten versehen. Wir haben trockene, fertige, hochwertige Holzvert\u00e4felungen mit ausgeschlagenen \u00c4sten. Sie k\u00f6nnen unter optimalen Bedingungen getrocknet, gehobelt und mit einer Schicht Wachs und zwei Schichten Lack aus dem Millesi-Sortiment behandelt werden, auf Anfrage und zum Selbstkostenpreis. Das Holz wird antiseptisch behandelt, um Sch\u00e4dlinge zu vernichten, und die Verarbeitung garantiert einen Materialverbrauch, der den Schutz der Oberfl\u00e4che gew\u00e4hrleistet.    <\/p>\n","protected":false},"featured_media":28769,"comment_status":"closed","ping_status":"closed","template":"","meta":{"_acf_changed":false},"product_brand":[],"product_cat":[2520,2620],"product_tag":[],"class_list":{"0":"post-28766","1":"product","2":"type-product","3":"status-publish","4":"has-post-thumbnail","6":"product_cat-holzverkleidung-aussenbereich","7":"product_cat-naturholzverkleidung","9":"first","10":"instock","11":"taxable","12":"shipping-taxable","13":"purchasable","14":"product-type-variable"},"acf":[],"_links":{"self":[{"href":"https:\/\/enipau.ro\/ch\/wp-json\/wp\/v2\/product\/28766","targetHints":{"allow":["GET"]}}],"collection":[{"href":"https:\/\/enipau.ro\/ch\/wp-json\/wp\/v2\/product"}],"about":[{"href":"https:\/\/enipau.ro\/ch\/wp-json\/wp\/v2\/types\/product"}],"replies":[{"embeddable":true,"href":"https:\/\/enipau.ro\/ch\/wp-json\/wp\/v2\/comments?post=28766"}],"wp:featuredmedia":[{"embeddable":true,"href":"https:\/\/enipau.ro\/ch\/wp-json\/wp\/v2\/media\/28769"}],"wp:attachment":[{"href":"https:\/\/enipau.ro\/ch\/wp-json\/wp\/v2\/media?parent=28766"}],"wp:term":[{"taxonomy":"product_brand","embeddable":true,"href":"https:\/\/enipau.ro\/ch\/wp-json\/wp\/v2\/product_brand?post=28766"},{"taxonomy":"product_cat","embeddable":true,"href":"https:\/\/enipau.ro\/ch\/wp-json\/wp\/v2\/product_cat?post=28766"},{"taxonomy":"product_tag","embeddable":true,"href":"https:\/\/enipau.ro\/ch\/wp-json\/wp\/v2\/product_tag?post=28766"}],"curies":[{"name":"wp","href":"https:\/\/api.w.org\/{rel}","templated":true}]}}