{"id":28771,"date":"2021-03-23T16:40:52","date_gmt":"2021-03-23T16:40:52","guid":{"rendered":"https:\/\/enipau.ro\/produs\/uncategorized\/enipau-t-gelenk\/"},"modified":"2021-03-23T16:40:52","modified_gmt":"2021-03-23T16:40:52","slug":"enipau-t-gelenk","status":"publish","type":"product","link":"https:\/\/enipau.ro\/ch\/produkt\/holzverbinder-beschlaege\/enipau-t-gelenk\/","title":{"rendered":"Enipau T-Gelenk"},"content":{"rendered":"<p>Die Enipau T-Verbindungselemente sind unsere eigene Produktion und lassen sich bei der Verarbeitung von Holzprofilen sehr einfach montieren. Sie werden zur Befestigung von Holzpfosten auf Betonfl\u00e4chen oder Holzterrassen, zur Befestigung von Holzpfosten oder Zaunelementen im Boden verwendet. <\/p>\n<p>&nbsp;<\/p>\n<p>&nbsp;<\/p>\n","protected":false},"excerpt":{"rendered":"<p>Enth\u00e4lt 8 Schrauben mit 8*50 Unterlegscheibe. Diese Modelle der Marke Enipau sind von besonderer Qualit\u00e4t, mit erh\u00f6hter Haltbarkeit und einem hellen, dunklen Design f\u00fcr eine \u00fcbersichtliche Architektur der Konstruktion. <\/p>\n","protected":false},"featured_media":28775,"comment_status":"closed","ping_status":"closed","template":"","meta":{"_acf_changed":false},"product_brand":[],"product_cat":[2622],"product_tag":[],"class_list":{"0":"post-28771","1":"product","2":"type-product","3":"status-publish","4":"has-post-thumbnail","6":"product_cat-holzverbinder-beschlaege","8":"first","9":"instock","10":"taxable","11":"shipping-taxable","12":"purchasable","13":"product-type-variable"},"acf":[],"_links":{"self":[{"href":"https:\/\/enipau.ro\/ch\/wp-json\/wp\/v2\/product\/28771","targetHints":{"allow":["GET"]}}],"collection":[{"href":"https:\/\/enipau.ro\/ch\/wp-json\/wp\/v2\/product"}],"about":[{"href":"https:\/\/enipau.ro\/ch\/wp-json\/wp\/v2\/types\/product"}],"replies":[{"embeddable":true,"href":"https:\/\/enipau.ro\/ch\/wp-json\/wp\/v2\/comments?post=28771"}],"wp:featuredmedia":[{"embeddable":true,"href":"https:\/\/enipau.ro\/ch\/wp-json\/wp\/v2\/media\/28775"}],"wp:attachment":[{"href":"https:\/\/enipau.ro\/ch\/wp-json\/wp\/v2\/media?parent=28771"}],"wp:term":[{"taxonomy":"product_brand","embeddable":true,"href":"https:\/\/enipau.ro\/ch\/wp-json\/wp\/v2\/product_brand?post=28771"},{"taxonomy":"product_cat","embeddable":true,"href":"https:\/\/enipau.ro\/ch\/wp-json\/wp\/v2\/product_cat?post=28771"},{"taxonomy":"product_tag","embeddable":true,"href":"https:\/\/enipau.ro\/ch\/wp-json\/wp\/v2\/product_tag?post=28771"}],"curies":[{"name":"wp","href":"https:\/\/api.w.org\/{rel}","templated":true}]}}