{"id":28802,"date":"2021-02-28T09:09:52","date_gmt":"2021-02-28T09:09:52","guid":{"rendered":"https:\/\/enipau.ro\/produs\/uncategorized\/zaunelement-5\/"},"modified":"2021-02-28T09:09:52","modified_gmt":"2021-02-28T09:09:52","slug":"zaunelement-5","status":"publish","type":"product","link":"https:\/\/enipau.ro\/ch\/produkt\/holzzaunelemente\/zaunelement-5\/","title":{"rendered":"Zaunelement Modell 5"},"content":{"rendered":"<p>Die Zaunelemente sind f\u00fcr den Bau konzipiert, indem die Elemente vertikal mit einer Trennwand verlegt werden. So entsteht ein lockerer, luftiger Zaun, der eine nat\u00fcrliche Luftzirkulation erm\u00f6glicht und den notwendigen intimen Raum f\u00fcr ein Grundst\u00fcck bietet. Das Holz ist antiseptisch behandelt, um Sch\u00e4dlinge zu vernichten, und die Verarbeitung garantiert einen Materialverbrauch, der die Oberfl\u00e4che sch\u00fctzt.<\/p>\n","protected":false},"excerpt":{"rendered":"<p>Diese Art von Elementen wird an der Zaunlatte befestigt und hat an einem Ende eine abgerundete Spitze. Auf Kundenwunsch f\u00fchrt Enipau individuelle Profilierungen, zus\u00e4tzliche Veredelungen sowie die Behandlung oder Lackierung von Zaunelementen durch. Wir bieten profilierte Zaunelemente in verschiedenen Gr\u00f6\u00dfen an, fertig zur Montage und zum Anstrich.<\/p>\n","protected":false},"featured_media":28803,"comment_status":"closed","ping_status":"closed","template":"","meta":{"_acf_changed":false},"product_brand":[],"product_cat":[2625],"product_tag":[],"class_list":{"0":"post-28802","1":"product","2":"type-product","3":"status-publish","4":"has-post-thumbnail","6":"product_cat-holzzaunelemente","8":"first","9":"instock","10":"taxable","11":"shipping-taxable","12":"purchasable","13":"product-type-variable","14":"has-default-attributes"},"acf":[],"_links":{"self":[{"href":"https:\/\/enipau.ro\/ch\/wp-json\/wp\/v2\/product\/28802","targetHints":{"allow":["GET"]}}],"collection":[{"href":"https:\/\/enipau.ro\/ch\/wp-json\/wp\/v2\/product"}],"about":[{"href":"https:\/\/enipau.ro\/ch\/wp-json\/wp\/v2\/types\/product"}],"replies":[{"embeddable":true,"href":"https:\/\/enipau.ro\/ch\/wp-json\/wp\/v2\/comments?post=28802"}],"wp:featuredmedia":[{"embeddable":true,"href":"https:\/\/enipau.ro\/ch\/wp-json\/wp\/v2\/media\/28803"}],"wp:attachment":[{"href":"https:\/\/enipau.ro\/ch\/wp-json\/wp\/v2\/media?parent=28802"}],"wp:term":[{"taxonomy":"product_brand","embeddable":true,"href":"https:\/\/enipau.ro\/ch\/wp-json\/wp\/v2\/product_brand?post=28802"},{"taxonomy":"product_cat","embeddable":true,"href":"https:\/\/enipau.ro\/ch\/wp-json\/wp\/v2\/product_cat?post=28802"},{"taxonomy":"product_tag","embeddable":true,"href":"https:\/\/enipau.ro\/ch\/wp-json\/wp\/v2\/product_tag?post=28802"}],"curies":[{"name":"wp","href":"https:\/\/api.w.org\/{rel}","templated":true}]}}