{"id":28812,"date":"2021-02-28T09:03:29","date_gmt":"2021-02-28T09:03:29","guid":{"rendered":"https:\/\/enipau.ro\/produs\/uncategorized\/zaunelement-4\/"},"modified":"2021-02-28T09:03:29","modified_gmt":"2021-02-28T09:03:29","slug":"zaunelement-4","status":"publish","type":"product","link":"https:\/\/enipau.ro\/ch\/produkt\/holzzaunelemente\/zaunelement-4\/","title":{"rendered":"Zaunelement 4"},"content":{"rendered":"<p>Das Holz, aus dem sie gefertigt sind, wurde zu einer hohen Qualit\u00e4t getrocknet. Diese Z\u00e4une sind einfach zu montieren und eignen sich ideal f\u00fcr die Umz\u00e4unung Ihres Grundst\u00fccks und sind gleichzeitig eine attraktive Erg\u00e4nzung Ihres Gartens. Das Holz ist antiseptisch behandelt, um Sch\u00e4dlinge zu vernichten, und die Verarbeitung garantiert einen Materialverbrauch, der die Oberfl\u00e4che sch\u00fctzt.<\/p>\n","protected":false},"excerpt":{"rendered":"<p>Wir bieten Ihnen profilierte Zaunelemente in verschiedenen Gr\u00f6\u00dfen an, fertig zur Montage und zum Streichen. Diese Art von Elementen wird am Zaun befestigt und hat an einem Ende eine abgerundete Spitze. Auf Kundenwunsch f\u00fchrt Enipau individuelle Profilierungen, zus\u00e4tzliche Veredelungen sowie die Behandlung oder Lackierung von Zaunelementen durch.  <\/p>\n","protected":false},"featured_media":28813,"comment_status":"closed","ping_status":"closed","template":"","meta":{"_acf_changed":false},"product_brand":[],"product_cat":[2625],"product_tag":[],"class_list":{"0":"post-28812","1":"product","2":"type-product","3":"status-publish","4":"has-post-thumbnail","6":"product_cat-holzzaunelemente","8":"first","9":"instock","10":"taxable","11":"shipping-taxable","12":"purchasable","13":"product-type-variable","14":"has-default-attributes"},"acf":[],"_links":{"self":[{"href":"https:\/\/enipau.ro\/ch\/wp-json\/wp\/v2\/product\/28812","targetHints":{"allow":["GET"]}}],"collection":[{"href":"https:\/\/enipau.ro\/ch\/wp-json\/wp\/v2\/product"}],"about":[{"href":"https:\/\/enipau.ro\/ch\/wp-json\/wp\/v2\/types\/product"}],"replies":[{"embeddable":true,"href":"https:\/\/enipau.ro\/ch\/wp-json\/wp\/v2\/comments?post=28812"}],"wp:featuredmedia":[{"embeddable":true,"href":"https:\/\/enipau.ro\/ch\/wp-json\/wp\/v2\/media\/28813"}],"wp:attachment":[{"href":"https:\/\/enipau.ro\/ch\/wp-json\/wp\/v2\/media?parent=28812"}],"wp:term":[{"taxonomy":"product_brand","embeddable":true,"href":"https:\/\/enipau.ro\/ch\/wp-json\/wp\/v2\/product_brand?post=28812"},{"taxonomy":"product_cat","embeddable":true,"href":"https:\/\/enipau.ro\/ch\/wp-json\/wp\/v2\/product_cat?post=28812"},{"taxonomy":"product_tag","embeddable":true,"href":"https:\/\/enipau.ro\/ch\/wp-json\/wp\/v2\/product_tag?post=28812"}],"curies":[{"name":"wp","href":"https:\/\/api.w.org\/{rel}","templated":true}]}}