{"id":28855,"date":"2021-02-17T15:09:11","date_gmt":"2021-02-17T15:09:11","guid":{"rendered":"https:\/\/enipau.ro\/produs\/uncategorized\/dubel-tri-porenbeton\/"},"modified":"2021-02-17T15:09:11","modified_gmt":"2021-02-17T15:09:11","slug":"dubel-tri-porenbeton","status":"publish","type":"product","link":"https:\/\/enipau.ro\/ch\/produkt\/holzverbinder-beschlaege\/dubel-tri-porenbeton\/","title":{"rendered":"D\u00fcbel TRI (Porenbeton)"},"content":{"rendered":"<p>Starker TRI-D\u00fcbel mit 4-facher Spreizung. Sehr gute Qualit\u00e4t, wird f\u00fcr die Befestigung von BCA-Materialien verwendet.<\/p>\n","protected":false},"excerpt":{"rendered":"<p>Die Schablone wird f\u00fcr die Befestigung in Leichtbeton (BCA) oder Hohlblocksteinen verwendet. Bei der Befestigung in Leichtbeton (BCA) ist keine Vorbereitung erforderlich.<\/p>\n<p><strong>Vorteil:<\/strong><\/p>\n<ol>\n<li>ist witterungs-, chemikalien- und oxidationsbest\u00e4ndig<\/li>\n<li>schnelle Bohrleistung<\/li>\n<li>leicht zu montieren<\/li>\n<\/ol>\n","protected":false},"featured_media":28856,"comment_status":"closed","ping_status":"closed","template":"","meta":{"_acf_changed":false},"product_brand":[],"product_cat":[2622],"product_tag":[],"class_list":{"0":"post-28855","1":"product","2":"type-product","3":"status-publish","4":"has-post-thumbnail","6":"product_cat-holzverbinder-beschlaege","8":"first","9":"instock","10":"taxable","11":"shipping-taxable","12":"purchasable","13":"product-type-variable"},"acf":[],"_links":{"self":[{"href":"https:\/\/enipau.ro\/ch\/wp-json\/wp\/v2\/product\/28855","targetHints":{"allow":["GET"]}}],"collection":[{"href":"https:\/\/enipau.ro\/ch\/wp-json\/wp\/v2\/product"}],"about":[{"href":"https:\/\/enipau.ro\/ch\/wp-json\/wp\/v2\/types\/product"}],"replies":[{"embeddable":true,"href":"https:\/\/enipau.ro\/ch\/wp-json\/wp\/v2\/comments?post=28855"}],"wp:featuredmedia":[{"embeddable":true,"href":"https:\/\/enipau.ro\/ch\/wp-json\/wp\/v2\/media\/28856"}],"wp:attachment":[{"href":"https:\/\/enipau.ro\/ch\/wp-json\/wp\/v2\/media?parent=28855"}],"wp:term":[{"taxonomy":"product_brand","embeddable":true,"href":"https:\/\/enipau.ro\/ch\/wp-json\/wp\/v2\/product_brand?post=28855"},{"taxonomy":"product_cat","embeddable":true,"href":"https:\/\/enipau.ro\/ch\/wp-json\/wp\/v2\/product_cat?post=28855"},{"taxonomy":"product_tag","embeddable":true,"href":"https:\/\/enipau.ro\/ch\/wp-json\/wp\/v2\/product_tag?post=28855"}],"curies":[{"name":"wp","href":"https:\/\/api.w.org\/{rel}","templated":true}]}}