{"id":28948,"date":"2021-02-14T13:45:07","date_gmt":"2021-02-14T13:45:07","guid":{"rendered":"https:\/\/enipau.ro\/produs\/uncategorized\/balkenkopf-typ-a\/"},"modified":"2021-02-14T13:45:07","modified_gmt":"2021-02-14T13:45:07","slug":"balkenkopf-typ-a","status":"publish","type":"product","link":"https:\/\/enipau.ro\/ch\/produkt\/holzverbinder-beschlaege\/balkenkopf-typ-a\/","title":{"rendered":"Balkenkopf Typ A"},"content":{"rendered":"<p>Der Balkenkleber Typ A wird f\u00fcr die Befestigung von Balken verwendet. Er eignet sich perfekt f\u00fcr Ihr Projekt und ist in einer Reihe von Gr\u00f6\u00dfen sehr einfach zu verwenden.<\/p>\n","protected":false},"excerpt":{"rendered":"<p>Je nach Gr\u00f6\u00dfe k\u00f6nnen Sie sie f\u00fcr Holzh\u00e4user, Schuppen, Dachaufbauten, Pavillons, Garagen, Markisen, Pergolen, Laubeng\u00e4nge, Trennw\u00e4nde, Terrassen, Tore, Z\u00e4une, Gel\u00e4nder, Pavillons, Kinderspielger\u00e4te usw. verwenden&#8230; Sie besteht aus verzinktem Stahlblech.  <span style=\"font-weight: 400;\">BxC entspricht der Gr\u00f6\u00dfe im Men\u00fc, w\u00e4hlen Sie das richtige Produkt f\u00fcr Ihre Konstruktion.  <\/span><\/p>\n","protected":false},"featured_media":28949,"comment_status":"closed","ping_status":"closed","template":"","meta":{"_acf_changed":false},"product_brand":[],"product_cat":[2622],"product_tag":[],"class_list":{"0":"post-28948","1":"product","2":"type-product","3":"status-publish","4":"has-post-thumbnail","6":"product_cat-holzverbinder-beschlaege","8":"first","9":"instock","10":"taxable","11":"shipping-taxable","12":"purchasable","13":"product-type-variable"},"acf":[],"_links":{"self":[{"href":"https:\/\/enipau.ro\/ch\/wp-json\/wp\/v2\/product\/28948","targetHints":{"allow":["GET"]}}],"collection":[{"href":"https:\/\/enipau.ro\/ch\/wp-json\/wp\/v2\/product"}],"about":[{"href":"https:\/\/enipau.ro\/ch\/wp-json\/wp\/v2\/types\/product"}],"replies":[{"embeddable":true,"href":"https:\/\/enipau.ro\/ch\/wp-json\/wp\/v2\/comments?post=28948"}],"wp:featuredmedia":[{"embeddable":true,"href":"https:\/\/enipau.ro\/ch\/wp-json\/wp\/v2\/media\/28949"}],"wp:attachment":[{"href":"https:\/\/enipau.ro\/ch\/wp-json\/wp\/v2\/media?parent=28948"}],"wp:term":[{"taxonomy":"product_brand","embeddable":true,"href":"https:\/\/enipau.ro\/ch\/wp-json\/wp\/v2\/product_brand?post=28948"},{"taxonomy":"product_cat","embeddable":true,"href":"https:\/\/enipau.ro\/ch\/wp-json\/wp\/v2\/product_cat?post=28948"},{"taxonomy":"product_tag","embeddable":true,"href":"https:\/\/enipau.ro\/ch\/wp-json\/wp\/v2\/product_tag?post=28948"}],"curies":[{"name":"wp","href":"https:\/\/api.w.org\/{rel}","templated":true}]}}