{"id":28957,"date":"2021-02-14T13:16:44","date_gmt":"2021-02-14T13:16:44","guid":{"rendered":"https:\/\/enipau.ro\/produs\/uncategorized\/angewandte-unterfuetterung-fuer-masten\/"},"modified":"2021-02-14T13:16:44","modified_gmt":"2021-02-14T13:16:44","slug":"angewandte-unterfuetterung-fuer-masten","status":"publish","type":"product","link":"https:\/\/enipau.ro\/ch\/produkt\/holzverbinder-beschlaege\/angewandte-unterfuetterung-fuer-masten\/","title":{"rendered":"Angewandte Unterf\u00fctterung f\u00fcr Masten"},"content":{"rendered":"<p>Wir vermarkten sowohl angewandte Pfostenh\u00fclsen als auch andere Befestigungsmittel, die bei der Holzmontage n\u00fctzlich sind.<\/p>\n","protected":false},"excerpt":{"rendered":"<p><span style=\"font-weight: 400;\">AxBxC mit der Gr\u00f6\u00dfe im Men\u00fc \u00fcbereinstimmt, w\u00e4hlen Sie das richtige Produkt f\u00fcr Ihre Konstruktion. Die Unterlegscheibe ist ein Produkt zur Befestigung und zum Schutz von Holzpfosten, die f\u00fcr Z\u00e4une, Einfriedungen, Terrassen, Pavillons oder Pergolen verwendet werden. <\/span><\/p>\n","protected":false},"featured_media":28958,"comment_status":"closed","ping_status":"closed","template":"","meta":{"_acf_changed":false},"product_brand":[],"product_cat":[2622],"product_tag":[],"class_list":{"0":"post-28957","1":"product","2":"type-product","3":"status-publish","4":"has-post-thumbnail","6":"product_cat-holzverbinder-beschlaege","8":"first","9":"instock","10":"taxable","11":"shipping-taxable","12":"purchasable","13":"product-type-variable"},"acf":[],"_links":{"self":[{"href":"https:\/\/enipau.ro\/ch\/wp-json\/wp\/v2\/product\/28957","targetHints":{"allow":["GET"]}}],"collection":[{"href":"https:\/\/enipau.ro\/ch\/wp-json\/wp\/v2\/product"}],"about":[{"href":"https:\/\/enipau.ro\/ch\/wp-json\/wp\/v2\/types\/product"}],"replies":[{"embeddable":true,"href":"https:\/\/enipau.ro\/ch\/wp-json\/wp\/v2\/comments?post=28957"}],"wp:featuredmedia":[{"embeddable":true,"href":"https:\/\/enipau.ro\/ch\/wp-json\/wp\/v2\/media\/28958"}],"wp:attachment":[{"href":"https:\/\/enipau.ro\/ch\/wp-json\/wp\/v2\/media?parent=28957"}],"wp:term":[{"taxonomy":"product_brand","embeddable":true,"href":"https:\/\/enipau.ro\/ch\/wp-json\/wp\/v2\/product_brand?post=28957"},{"taxonomy":"product_cat","embeddable":true,"href":"https:\/\/enipau.ro\/ch\/wp-json\/wp\/v2\/product_cat?post=28957"},{"taxonomy":"product_tag","embeddable":true,"href":"https:\/\/enipau.ro\/ch\/wp-json\/wp\/v2\/product_tag?post=28957"}],"curies":[{"name":"wp","href":"https:\/\/api.w.org\/{rel}","templated":true}]}}