{"id":28968,"date":"2021-02-14T13:05:05","date_gmt":"2021-02-14T13:05:05","guid":{"rendered":"https:\/\/enipau.ro\/produs\/uncategorized\/fussplatte-mit-fester-sohle\/"},"modified":"2021-02-14T13:05:05","modified_gmt":"2021-02-14T13:05:05","slug":"fussplatte-mit-fester-sohle","status":"publish","type":"product","link":"https:\/\/enipau.ro\/ch\/produkt\/holzverbinder-beschlaege\/fussplatte-mit-fester-sohle\/","title":{"rendered":"Fu\u00dfplatte mit fester Sohle"},"content":{"rendered":"<p>Enipau vermarktet den festen Sohlensockel als n\u00fctzliches Element f\u00fcr den Zusammenbau von Holz. Er wird f\u00fcr den Bau von H\u00e4usern, D\u00e4chern, Garagen, Pergolen, Laubeng\u00e4ngen, Terrassen, Gel\u00e4ndern, Z\u00e4unen, Toren usw. verwendet. Er besteht aus verzinktem Stahlblech.  <\/p>\n<div class=\"product_section product_section_description\">\n<div class=\"product_section_content\">\n<div class=\"__i\">\n<div class=\"description\">\n<p>&nbsp;<\/p>\n<\/div>\n<\/div>\n<\/div>\n<\/div>\n<div class=\"product_section product_section_specs\">\n<div class=\"product_section_link\">\n<div class=\"data\" data-icon=\"description\" data-id=\"specificatii-produs\" data-title=\"Specificatii\"><\/div>\n<\/div>\n<\/div>\n","protected":false},"excerpt":{"rendered":"<p>Die tragenden Estriche spielen eine wichtige Rolle bei der Befestigung von Holzelementen einer Konstruktion, insbesondere von Holzpfosten in oder auf Beton.  <span style=\"font-weight: 400;\">AxBxC entspricht der Gr\u00f6\u00dfe im Men\u00fc, w\u00e4hlen Sie das richtige Produkt f\u00fcr Ihre Konstruktion.  <\/span><\/p>\n","protected":false},"featured_media":28969,"comment_status":"closed","ping_status":"closed","template":"","meta":{"_acf_changed":false},"product_brand":[],"product_cat":[2622],"product_tag":[],"class_list":{"0":"post-28968","1":"product","2":"type-product","3":"status-publish","4":"has-post-thumbnail","6":"product_cat-holzverbinder-beschlaege","8":"first","9":"instock","10":"taxable","11":"shipping-taxable","12":"purchasable","13":"product-type-variable"},"acf":[],"_links":{"self":[{"href":"https:\/\/enipau.ro\/ch\/wp-json\/wp\/v2\/product\/28968","targetHints":{"allow":["GET"]}}],"collection":[{"href":"https:\/\/enipau.ro\/ch\/wp-json\/wp\/v2\/product"}],"about":[{"href":"https:\/\/enipau.ro\/ch\/wp-json\/wp\/v2\/types\/product"}],"replies":[{"embeddable":true,"href":"https:\/\/enipau.ro\/ch\/wp-json\/wp\/v2\/comments?post=28968"}],"wp:featuredmedia":[{"embeddable":true,"href":"https:\/\/enipau.ro\/ch\/wp-json\/wp\/v2\/media\/28969"}],"wp:attachment":[{"href":"https:\/\/enipau.ro\/ch\/wp-json\/wp\/v2\/media?parent=28968"}],"wp:term":[{"taxonomy":"product_brand","embeddable":true,"href":"https:\/\/enipau.ro\/ch\/wp-json\/wp\/v2\/product_brand?post=28968"},{"taxonomy":"product_cat","embeddable":true,"href":"https:\/\/enipau.ro\/ch\/wp-json\/wp\/v2\/product_cat?post=28968"},{"taxonomy":"product_tag","embeddable":true,"href":"https:\/\/enipau.ro\/ch\/wp-json\/wp\/v2\/product_tag?post=28968"}],"curies":[{"name":"wp","href":"https:\/\/api.w.org\/{rel}","templated":true}]}}