{"id":28974,"date":"2021-02-14T12:56:49","date_gmt":"2021-02-14T12:56:49","guid":{"rendered":"https:\/\/enipau.ro\/produs\/uncategorized\/seitlich-verstellbarer-drehpunkt\/"},"modified":"2021-02-14T12:56:49","modified_gmt":"2021-02-14T12:56:49","slug":"seitlich-verstellbarer-drehpunkt","status":"publish","type":"product","link":"https:\/\/enipau.ro\/ch\/produkt\/holzverbinder-beschlaege\/seitlich-verstellbarer-drehpunkt\/","title":{"rendered":"Seitlich verstellbarer Drehpunkt"},"content":{"rendered":"<p>Seitlich verstellbare Lagerb\u00f6cke spielen eine wichtige Rolle bei der Sicherung der Holzelemente jeder Konstruktion, insbesondere der Holzpfosten. Er ist ein n\u00fctzliches Element bei der Holzmontage und wird im Hausbau verwendet. Er ist aus verzinktem Stahlblech gefertigt.<\/p>\n","protected":false},"excerpt":{"rendered":"<p><span style=\"font-weight: 400;\">AxBxC wie abgebildet ist die Gr\u00f6\u00dfe im Men\u00fc, w\u00e4hlen Sie das richtige Produkt f\u00fcr Ihre Konstruktion. Je nach Gr\u00f6\u00dfe k\u00f6nnen Sie sie f\u00fcr Holzh\u00e4user, Dachst\u00fchle, Dachaufbauten, Pavillons, Garagen, Markisen, Pergolen, Laubeng\u00e4nge, Trennw\u00e4nde, Terrassen, Tore, Z\u00e4une, Gel\u00e4nder, Pavillons, Kinderspielger\u00e4te usw. verwenden. <\/span><\/p>\n","protected":false},"featured_media":28975,"comment_status":"closed","ping_status":"closed","template":"","meta":{"_acf_changed":false},"product_brand":[],"product_cat":[2622],"product_tag":[],"class_list":{"0":"post-28974","1":"product","2":"type-product","3":"status-publish","4":"has-post-thumbnail","6":"product_cat-holzverbinder-beschlaege","8":"first","9":"instock","10":"taxable","11":"shipping-taxable","12":"purchasable","13":"product-type-variable"},"acf":[],"_links":{"self":[{"href":"https:\/\/enipau.ro\/ch\/wp-json\/wp\/v2\/product\/28974","targetHints":{"allow":["GET"]}}],"collection":[{"href":"https:\/\/enipau.ro\/ch\/wp-json\/wp\/v2\/product"}],"about":[{"href":"https:\/\/enipau.ro\/ch\/wp-json\/wp\/v2\/types\/product"}],"replies":[{"embeddable":true,"href":"https:\/\/enipau.ro\/ch\/wp-json\/wp\/v2\/comments?post=28974"}],"wp:featuredmedia":[{"embeddable":true,"href":"https:\/\/enipau.ro\/ch\/wp-json\/wp\/v2\/media\/28975"}],"wp:attachment":[{"href":"https:\/\/enipau.ro\/ch\/wp-json\/wp\/v2\/media?parent=28974"}],"wp:term":[{"taxonomy":"product_brand","embeddable":true,"href":"https:\/\/enipau.ro\/ch\/wp-json\/wp\/v2\/product_brand?post=28974"},{"taxonomy":"product_cat","embeddable":true,"href":"https:\/\/enipau.ro\/ch\/wp-json\/wp\/v2\/product_cat?post=28974"},{"taxonomy":"product_tag","embeddable":true,"href":"https:\/\/enipau.ro\/ch\/wp-json\/wp\/v2\/product_tag?post=28974"}],"curies":[{"name":"wp","href":"https:\/\/api.w.org\/{rel}","templated":true}]}}