{"id":29005,"date":"2021-02-14T12:04:30","date_gmt":"2021-02-14T12:04:30","guid":{"rendered":"https:\/\/enipau.ro\/produs\/uncategorized\/federkielanker\/"},"modified":"2021-02-14T12:04:30","modified_gmt":"2021-02-14T12:04:30","slug":"federkielanker","status":"publish","type":"product","link":"https:\/\/enipau.ro\/ch\/produkt\/holzverbinder-beschlaege\/federkielanker\/","title":{"rendered":"Federkielanker"},"content":{"rendered":"<p>F\u00fcr die zus\u00e4tzliche Befestigung von Dachsparren oder Verkleidungen. Kann links oder rechts verwendet werden. Sie sind verzinkt und CE-gekennzeichnet.<\/p>\n","protected":false},"excerpt":{"rendered":"<p>Der Sparrenkeilanker wird zur Befestigung von Sparren an einer Schlange verwendet. Er ist aus Stahl gefertigt und in verschiedenen Gr\u00f6\u00dfen erh\u00e4ltlich. W\u00e4hlen Sie die richtige Gr\u00f6\u00dfe aus dem Men\u00fc.  <\/p>\n","protected":false},"featured_media":29006,"comment_status":"closed","ping_status":"closed","template":"","meta":{"_acf_changed":false},"product_brand":[],"product_cat":[2622],"product_tag":[],"class_list":{"0":"post-29005","1":"product","2":"type-product","3":"status-publish","4":"has-post-thumbnail","6":"product_cat-holzverbinder-beschlaege","8":"first","9":"instock","10":"taxable","11":"shipping-taxable","12":"purchasable","13":"product-type-variable"},"acf":[],"_links":{"self":[{"href":"https:\/\/enipau.ro\/ch\/wp-json\/wp\/v2\/product\/29005","targetHints":{"allow":["GET"]}}],"collection":[{"href":"https:\/\/enipau.ro\/ch\/wp-json\/wp\/v2\/product"}],"about":[{"href":"https:\/\/enipau.ro\/ch\/wp-json\/wp\/v2\/types\/product"}],"replies":[{"embeddable":true,"href":"https:\/\/enipau.ro\/ch\/wp-json\/wp\/v2\/comments?post=29005"}],"wp:featuredmedia":[{"embeddable":true,"href":"https:\/\/enipau.ro\/ch\/wp-json\/wp\/v2\/media\/29006"}],"wp:attachment":[{"href":"https:\/\/enipau.ro\/ch\/wp-json\/wp\/v2\/media?parent=29005"}],"wp:term":[{"taxonomy":"product_brand","embeddable":true,"href":"https:\/\/enipau.ro\/ch\/wp-json\/wp\/v2\/product_brand?post=29005"},{"taxonomy":"product_cat","embeddable":true,"href":"https:\/\/enipau.ro\/ch\/wp-json\/wp\/v2\/product_cat?post=29005"},{"taxonomy":"product_tag","embeddable":true,"href":"https:\/\/enipau.ro\/ch\/wp-json\/wp\/v2\/product_tag?post=29005"}],"curies":[{"name":"wp","href":"https:\/\/api.w.org\/{rel}","templated":true}]}}