{"id":29018,"date":"2021-02-14T11:49:10","date_gmt":"2021-02-14T11:49:10","guid":{"rendered":"https:\/\/enipau.ro\/produs\/uncategorized\/fugenbleche\/"},"modified":"2021-02-14T11:49:10","modified_gmt":"2021-02-14T11:49:10","slug":"fugenbleche","status":"publish","type":"product","link":"https:\/\/enipau.ro\/ch\/produkt\/holzverbinder-beschlaege\/fugenbleche\/","title":{"rendered":"Fugenbleche"},"content":{"rendered":"<p>Enipau steht Ihnen mit Holzverbindungselementen und mehr zur Verf\u00fcgung. Fordern Sie ein Angebot an oder sprechen Sie mit unserem engagierten Berater. Holzverbinder geh\u00f6ren zur Kategorie &#8220;Verbindungselemente f\u00fcr den Holzbau&#8221; und werden von Zimmerleuten und Holzrahmenbauern verwendet, um Holzbauteile durch Pressen zu verbinden.<\/p>\n","protected":false},"excerpt":{"rendered":"<p>Es wird aus verzinktem Stahlblech hergestellt. Es wird haupts\u00e4chlich zur Herstellung verschiedener Holzkonstruktionen in H\u00e4usern, D\u00e4chern, Garagen, Pergolen, Lauben, Terrassen, Gel\u00e4ndern, Z\u00e4unen, Toren usw. verwendet. <\/p>\n","protected":false},"featured_media":29019,"comment_status":"closed","ping_status":"closed","template":"","meta":{"_acf_changed":false},"product_brand":[],"product_cat":[2622],"product_tag":[],"class_list":{"0":"post-29018","1":"product","2":"type-product","3":"status-publish","4":"has-post-thumbnail","6":"product_cat-holzverbinder-beschlaege","8":"first","9":"instock","10":"taxable","11":"shipping-taxable","12":"purchasable","13":"product-type-variable"},"acf":[],"_links":{"self":[{"href":"https:\/\/enipau.ro\/ch\/wp-json\/wp\/v2\/product\/29018","targetHints":{"allow":["GET"]}}],"collection":[{"href":"https:\/\/enipau.ro\/ch\/wp-json\/wp\/v2\/product"}],"about":[{"href":"https:\/\/enipau.ro\/ch\/wp-json\/wp\/v2\/types\/product"}],"replies":[{"embeddable":true,"href":"https:\/\/enipau.ro\/ch\/wp-json\/wp\/v2\/comments?post=29018"}],"wp:featuredmedia":[{"embeddable":true,"href":"https:\/\/enipau.ro\/ch\/wp-json\/wp\/v2\/media\/29019"}],"wp:attachment":[{"href":"https:\/\/enipau.ro\/ch\/wp-json\/wp\/v2\/media?parent=29018"}],"wp:term":[{"taxonomy":"product_brand","embeddable":true,"href":"https:\/\/enipau.ro\/ch\/wp-json\/wp\/v2\/product_brand?post=29018"},{"taxonomy":"product_cat","embeddable":true,"href":"https:\/\/enipau.ro\/ch\/wp-json\/wp\/v2\/product_cat?post=29018"},{"taxonomy":"product_tag","embeddable":true,"href":"https:\/\/enipau.ro\/ch\/wp-json\/wp\/v2\/product_tag?post=29018"}],"curies":[{"name":"wp","href":"https:\/\/api.w.org\/{rel}","templated":true}]}}