{"id":29198,"date":"2020-05-26T16:41:59","date_gmt":"2020-05-26T16:41:59","guid":{"rendered":"https:\/\/enipau.ro\/produs\/uncategorized\/holzvertaefelung-fuer-fassaden\/"},"modified":"2020-05-26T16:41:59","modified_gmt":"2020-05-26T16:41:59","slug":"holzvertaefelung-fuer-fassaden","status":"publish","type":"product","link":"https:\/\/enipau.ro\/ch\/produkt\/holzverkleidung-aussenbereich\/holzvertaefelung-fuer-fassaden\/","title":{"rendered":"Holzvert\u00e4felung f\u00fcr Fassaden"},"content":{"rendered":"<p>Die Fassadendekoration ist vielf\u00e4ltig. In der modernen Architektur wird die Holzvert\u00e4felung wegen ihrer Zweckm\u00e4\u00dfigkeit immer h\u00e4ufiger eingesetzt. Die Holzvert\u00e4felung kann sowohl horizontal als auch vertikal verwendet werden, hat aber auch praktische Vorteile wie einen erh\u00f6hten thermischen Komfort der Innenr\u00e4ume und eine lange Lebensdauer der Konstruktion.<\/p>\n","protected":false},"excerpt":{"rendered":"<p>Wie bei anderen Baumaterialien h\u00e4ngen auch bei Holzvert\u00e4felungen Qualit\u00e4t und Leistung vom gew\u00e4hlten Modell sowie von der korrekten Konstruktion und Montage ab. Die Impr\u00e4gnierung mit Wachslacken von Millesi ist im Preis inbegriffen. Mit Hilfe einer Farbpalette k\u00f6nnen Sie jeden gew\u00fcnschten Farbton w\u00e4hlen. Das Holz ist antiseptisch behandelt, um Sch\u00e4dlinge zu vernichten, und die Verarbeitung garantiert einen Materialverbrauch, der den Schutz der Oberfl\u00e4che gew\u00e4hrleistet.   <\/p>\n","protected":false},"featured_media":29199,"comment_status":"closed","ping_status":"closed","template":"","meta":{"_acf_changed":false},"product_brand":[],"product_cat":[2594,2520],"product_tag":[],"class_list":{"0":"post-29198","1":"product","2":"type-product","3":"status-publish","4":"has-post-thumbnail","6":"product_cat-holzfassaden","7":"product_cat-holzverkleidung-aussenbereich","9":"first","10":"instock","11":"taxable","12":"shipping-taxable","13":"purchasable","14":"product-type-variable"},"acf":[],"_links":{"self":[{"href":"https:\/\/enipau.ro\/ch\/wp-json\/wp\/v2\/product\/29198","targetHints":{"allow":["GET"]}}],"collection":[{"href":"https:\/\/enipau.ro\/ch\/wp-json\/wp\/v2\/product"}],"about":[{"href":"https:\/\/enipau.ro\/ch\/wp-json\/wp\/v2\/types\/product"}],"replies":[{"embeddable":true,"href":"https:\/\/enipau.ro\/ch\/wp-json\/wp\/v2\/comments?post=29198"}],"wp:featuredmedia":[{"embeddable":true,"href":"https:\/\/enipau.ro\/ch\/wp-json\/wp\/v2\/media\/29199"}],"wp:attachment":[{"href":"https:\/\/enipau.ro\/ch\/wp-json\/wp\/v2\/media?parent=29198"}],"wp:term":[{"taxonomy":"product_brand","embeddable":true,"href":"https:\/\/enipau.ro\/ch\/wp-json\/wp\/v2\/product_brand?post=29198"},{"taxonomy":"product_cat","embeddable":true,"href":"https:\/\/enipau.ro\/ch\/wp-json\/wp\/v2\/product_cat?post=29198"},{"taxonomy":"product_tag","embeddable":true,"href":"https:\/\/enipau.ro\/ch\/wp-json\/wp\/v2\/product_tag?post=29198"}],"curies":[{"name":"wp","href":"https:\/\/api.w.org\/{rel}","templated":true}]}}