{"id":29205,"date":"2020-05-22T16:30:42","date_gmt":"2020-05-22T16:30:42","guid":{"rendered":"https:\/\/enipau.ro\/produs\/uncategorized\/u-profil-zaunpfosten\/"},"modified":"2020-05-22T16:30:42","modified_gmt":"2020-05-22T16:30:42","slug":"u-profil-zaunpfosten","status":"publish","type":"product","link":"https:\/\/enipau.ro\/ch\/produkt\/holzzaunelemente\/u-profil-zaunpfosten\/","title":{"rendered":"U-Profil Zaunpfosten"},"content":{"rendered":"<p>Der U-Profil-Zaunpfosten wurde entwickelt, um Metallpfosten zu verdecken und den Zaun zu sch\u00fctzen. Sie k\u00f6nnen den Zaun und die Pfostenabdeckung auch aus dem Produktkatalog ausw\u00e4hlen. Wir impr\u00e4gnieren und behandeln das Holz mit der gew\u00fcnschten Farbe und liefern es gebrauchsfertig f\u00fcr Ihre Konstruktion.<\/p>\n","protected":false},"excerpt":{"rendered":"<p>Der U-f\u00f6rmige Zaunpfosten bietet Schutz und Halt und verdeckt auch Metallz\u00e4une oder -pfosten. Die Lieferung von Qualit\u00e4tsprodukten steht bei der Verarbeitung von Holz im Vordergrund, unabh\u00e4ngig von der Art des Produkts oder des Baumaterials. Fordern Sie ein Angebot an und sprechen Sie mit einem Enipau-Mitarbeiter. Das Holz wird antiseptisch behandelt, um Sch\u00e4dlinge zu vernichten, und der Verarbeitungsprozess garantiert einen Materialverbrauch, der die Oberfl\u00e4che sch\u00fctzt.   <\/p>\n","protected":false},"featured_media":29206,"comment_status":"closed","ping_status":"closed","template":"","meta":{"_acf_changed":false},"product_brand":[],"product_cat":[2625],"product_tag":[],"class_list":{"0":"post-29205","1":"product","2":"type-product","3":"status-publish","4":"has-post-thumbnail","6":"product_cat-holzzaunelemente","8":"first","9":"instock","10":"taxable","11":"shipping-taxable","12":"purchasable","13":"product-type-variable"},"acf":[],"_links":{"self":[{"href":"https:\/\/enipau.ro\/ch\/wp-json\/wp\/v2\/product\/29205","targetHints":{"allow":["GET"]}}],"collection":[{"href":"https:\/\/enipau.ro\/ch\/wp-json\/wp\/v2\/product"}],"about":[{"href":"https:\/\/enipau.ro\/ch\/wp-json\/wp\/v2\/types\/product"}],"replies":[{"embeddable":true,"href":"https:\/\/enipau.ro\/ch\/wp-json\/wp\/v2\/comments?post=29205"}],"wp:featuredmedia":[{"embeddable":true,"href":"https:\/\/enipau.ro\/ch\/wp-json\/wp\/v2\/media\/29206"}],"wp:attachment":[{"href":"https:\/\/enipau.ro\/ch\/wp-json\/wp\/v2\/media?parent=29205"}],"wp:term":[{"taxonomy":"product_brand","embeddable":true,"href":"https:\/\/enipau.ro\/ch\/wp-json\/wp\/v2\/product_brand?post=29205"},{"taxonomy":"product_cat","embeddable":true,"href":"https:\/\/enipau.ro\/ch\/wp-json\/wp\/v2\/product_cat?post=29205"},{"taxonomy":"product_tag","embeddable":true,"href":"https:\/\/enipau.ro\/ch\/wp-json\/wp\/v2\/product_tag?post=29205"}],"curies":[{"name":"wp","href":"https:\/\/api.w.org\/{rel}","templated":true}]}}