{"id":29217,"date":"2020-05-15T12:19:39","date_gmt":"2020-05-15T12:19:39","guid":{"rendered":"https:\/\/enipau.ro\/produs\/uncategorized\/holzzaunelement-6\/"},"modified":"2020-05-15T12:19:39","modified_gmt":"2020-05-15T12:19:39","slug":"holzzaunelement-6","status":"publish","type":"product","link":"https:\/\/enipau.ro\/ch\/produkt\/holzzaunelemente\/holzzaunelement-6\/","title":{"rendered":"Holzzaunelement 6"},"content":{"rendered":"<p>Der Holzzaun, Design Nr. 6, kann je nach verwendeter Holzart und Behandlung jahrzehntelang ohne Probleme stehen. Enipau bietet empfohlene Spezialbehandlungen gegen Umwelteinfl\u00fcsse oder Bearbeitung an. <a href=\"https:\/\/enipau.ro\/produse\/panouri-gard-lemn\/\">Sehen Sie hier die gesamte Kollektion<\/a>! <\/p>\n<p>Das Design dieses Zauns ist perfekt konzipiert, um zwei wichtige Vorteile zu bieten: Er versperrt die Sicht von innen und umschlie\u00dft den Raum perfekt, so dass Sie sich auch inmitten einer gesch\u00e4ftigen Gemeinde entspannt und ruhig f\u00fchlen. Die Bretter dieses Zauns sind aus Fichtenholz, das waagerecht angeordnet ist &#8211; eine gute Wahl f\u00fcr einen nat\u00fcrlichen Look!<\/p>\n","protected":false},"excerpt":{"rendered":"<p>Der gute alte Holzzaun bietet einen schlichten Look, der zu jedem Geb\u00e4ude passt. Das horizontale Design des Holzzaunelements Nummer 6 kombiniert elegant skandinavischen und traditionellen rum\u00e4nischen Stil. <\/p>\n","protected":false},"featured_media":29218,"comment_status":"closed","ping_status":"closed","template":"","meta":{"_acf_changed":false},"product_brand":[],"product_cat":[2625,2767],"product_tag":[],"class_list":{"0":"post-29217","1":"product","2":"type-product","3":"status-publish","4":"has-post-thumbnail","6":"product_cat-holzzaunelemente","7":"product_cat-holzzaunpaneele","9":"first","10":"instock","11":"taxable","12":"shipping-taxable","13":"purchasable","14":"product-type-simple"},"acf":[],"_links":{"self":[{"href":"https:\/\/enipau.ro\/ch\/wp-json\/wp\/v2\/product\/29217","targetHints":{"allow":["GET"]}}],"collection":[{"href":"https:\/\/enipau.ro\/ch\/wp-json\/wp\/v2\/product"}],"about":[{"href":"https:\/\/enipau.ro\/ch\/wp-json\/wp\/v2\/types\/product"}],"replies":[{"embeddable":true,"href":"https:\/\/enipau.ro\/ch\/wp-json\/wp\/v2\/comments?post=29217"}],"wp:featuredmedia":[{"embeddable":true,"href":"https:\/\/enipau.ro\/ch\/wp-json\/wp\/v2\/media\/29218"}],"wp:attachment":[{"href":"https:\/\/enipau.ro\/ch\/wp-json\/wp\/v2\/media?parent=29217"}],"wp:term":[{"taxonomy":"product_brand","embeddable":true,"href":"https:\/\/enipau.ro\/ch\/wp-json\/wp\/v2\/product_brand?post=29217"},{"taxonomy":"product_cat","embeddable":true,"href":"https:\/\/enipau.ro\/ch\/wp-json\/wp\/v2\/product_cat?post=29217"},{"taxonomy":"product_tag","embeddable":true,"href":"https:\/\/enipau.ro\/ch\/wp-json\/wp\/v2\/product_tag?post=29217"}],"curies":[{"name":"wp","href":"https:\/\/api.w.org\/{rel}","templated":true}]}}