{"id":29219,"date":"2020-05-15T10:22:37","date_gmt":"2020-05-15T10:22:37","guid":{"rendered":"https:\/\/enipau.ro\/produs\/uncategorized\/sockelleiste-5\/"},"modified":"2020-05-15T10:22:37","modified_gmt":"2020-05-15T10:22:37","slug":"sockelleiste-5","status":"publish","type":"product","link":"https:\/\/enipau.ro\/ch\/produkt\/holzsockelleiste\/sockelleiste-5\/","title":{"rendered":"Sockelleiste 5"},"content":{"rendered":"<p>Aus \u00e4sthetischer Sicht macht die Sockelleiste den \u00dcbergang von der Wand zum Boden oder zur Decke optisch ansprechend. Es ist ratsam, Sockelleisten aus Holz zu verwenden, wenn Sie sie neben einem Parkettboden oder an der Decke von Holzkabinen einsetzen.<\/p>\n","protected":false},"excerpt":{"rendered":"<p>Wir produzieren und verkaufen profilierte Sockelleisten aus Holz in verschiedenen Gr\u00f6\u00dfen. Die Sockelleiste ist ein Element, das in der Regel unten an den W\u00e4nden angebracht wird, um den Boden abzugrenzen, oder an den Decken, aus \u00e4sthetischen Gr\u00fcnden. Enipau bietet Ihnen eine gro\u00dfe Auswahl an Sockelleisten-Profilen, mit denen Sie Ihr Zuhause ganz nach Ihren W\u00fcnschen gestalten k\u00f6nnen.  <\/p>\n","protected":false},"featured_media":29220,"comment_status":"closed","ping_status":"closed","template":"","meta":{"_acf_changed":false},"product_brand":[],"product_cat":[2630],"product_tag":[],"class_list":{"0":"post-29219","1":"product","2":"type-product","3":"status-publish","4":"has-post-thumbnail","6":"product_cat-holzsockelleiste","8":"first","9":"instock","10":"taxable","11":"shipping-taxable","12":"purchasable","13":"product-type-simple"},"acf":[],"_links":{"self":[{"href":"https:\/\/enipau.ro\/ch\/wp-json\/wp\/v2\/product\/29219","targetHints":{"allow":["GET"]}}],"collection":[{"href":"https:\/\/enipau.ro\/ch\/wp-json\/wp\/v2\/product"}],"about":[{"href":"https:\/\/enipau.ro\/ch\/wp-json\/wp\/v2\/types\/product"}],"replies":[{"embeddable":true,"href":"https:\/\/enipau.ro\/ch\/wp-json\/wp\/v2\/comments?post=29219"}],"wp:featuredmedia":[{"embeddable":true,"href":"https:\/\/enipau.ro\/ch\/wp-json\/wp\/v2\/media\/29220"}],"wp:attachment":[{"href":"https:\/\/enipau.ro\/ch\/wp-json\/wp\/v2\/media?parent=29219"}],"wp:term":[{"taxonomy":"product_brand","embeddable":true,"href":"https:\/\/enipau.ro\/ch\/wp-json\/wp\/v2\/product_brand?post=29219"},{"taxonomy":"product_cat","embeddable":true,"href":"https:\/\/enipau.ro\/ch\/wp-json\/wp\/v2\/product_cat?post=29219"},{"taxonomy":"product_tag","embeddable":true,"href":"https:\/\/enipau.ro\/ch\/wp-json\/wp\/v2\/product_tag?post=29219"}],"curies":[{"name":"wp","href":"https:\/\/api.w.org\/{rel}","templated":true}]}}