{"id":29236,"date":"2020-05-15T09:02:04","date_gmt":"2020-05-15T09:02:04","guid":{"rendered":"https:\/\/enipau.ro\/produs\/uncategorized\/holzwinkelleiste-l\/"},"modified":"2020-05-15T09:02:04","modified_gmt":"2020-05-15T09:02:04","slug":"holzwinkelleiste-l","status":"publish","type":"product","link":"https:\/\/enipau.ro\/ch\/produkt\/holzwinkel\/holzwinkelleiste-l\/","title":{"rendered":"Holzwinkelleiste L"},"content":{"rendered":"<p>Diese Elemente werden im Bauwesen verwendet, um Eckverbindungen zu sch\u00fctzen und zu verst\u00e4rken. Das \u00e4u\u00dfere Profil der Ecke kann gerade oder abgerundet sein, je nach Bedarf. Eine Seite der Holzwinkelleiste ist niedriger als die andere, um die Verbindung der Holzvert\u00e4felung zu unterst\u00fctzen, aber auch, um die Ecken zu verbergen.<\/p>\n","protected":false},"excerpt":{"rendered":"<p>Sie k\u00f6nnen als Verbindungselemente in Holzkonstruktionen jeder Gr\u00f6\u00dfe sowie als Funktions- oder Designst\u00fccke verwendet werden.<\/p>\n","protected":false},"featured_media":29237,"comment_status":"closed","ping_status":"closed","template":"","meta":{"_acf_changed":false},"product_brand":[],"product_cat":[2782],"product_tag":[],"class_list":{"0":"post-29236","1":"product","2":"type-product","3":"status-publish","4":"has-post-thumbnail","6":"product_cat-holzwinkel","8":"first","9":"instock","10":"taxable","11":"shipping-taxable","12":"purchasable","13":"product-type-variable","14":"has-default-attributes"},"acf":[],"_links":{"self":[{"href":"https:\/\/enipau.ro\/ch\/wp-json\/wp\/v2\/product\/29236","targetHints":{"allow":["GET"]}}],"collection":[{"href":"https:\/\/enipau.ro\/ch\/wp-json\/wp\/v2\/product"}],"about":[{"href":"https:\/\/enipau.ro\/ch\/wp-json\/wp\/v2\/types\/product"}],"replies":[{"embeddable":true,"href":"https:\/\/enipau.ro\/ch\/wp-json\/wp\/v2\/comments?post=29236"}],"wp:featuredmedia":[{"embeddable":true,"href":"https:\/\/enipau.ro\/ch\/wp-json\/wp\/v2\/media\/29237"}],"wp:attachment":[{"href":"https:\/\/enipau.ro\/ch\/wp-json\/wp\/v2\/media?parent=29236"}],"wp:term":[{"taxonomy":"product_brand","embeddable":true,"href":"https:\/\/enipau.ro\/ch\/wp-json\/wp\/v2\/product_brand?post=29236"},{"taxonomy":"product_cat","embeddable":true,"href":"https:\/\/enipau.ro\/ch\/wp-json\/wp\/v2\/product_cat?post=29236"},{"taxonomy":"product_tag","embeddable":true,"href":"https:\/\/enipau.ro\/ch\/wp-json\/wp\/v2\/product_tag?post=29236"}],"curies":[{"name":"wp","href":"https:\/\/api.w.org\/{rel}","templated":true}]}}