{"id":29264,"date":"2020-05-15T08:17:19","date_gmt":"2020-05-15T08:17:19","guid":{"rendered":"https:\/\/enipau.ro\/produs\/uncategorized\/sparrenabschlussprofil-dekorativ-antiseptisch-behandelt-fuer-terrassen-und-pavillons\/"},"modified":"2020-05-15T08:17:19","modified_gmt":"2020-05-15T08:17:19","slug":"sparrenabschlussprofil-dekorativ-antiseptisch-behandelt-fuer-terrassen-und-pavillons","status":"publish","type":"product","link":"https:\/\/enipau.ro\/ch\/produkt\/fichtenholz\/sparrenabschlussprofil-dekorativ-antiseptisch-behandelt-fuer-terrassen-und-pavillons\/","title":{"rendered":"Sparrenabschlussprofil, dekorativ, antiseptisch behandelt, f\u00fcr Terrassen und Pavillons"},"content":{"rendered":"<p>Sparrenendprofilierung in einem speziellen Muster, das eine besondere Optik von geschliffenem Holz ergibt. Dieses Produkt ist nur auf Anfrage erh\u00e4ltlich, wenn Sie Baumaterial f\u00fcr Terrassen, Pavillons usw. kaufen. Das Holz ist antiseptisch behandelt, um Sch\u00e4dlinge zu vernichten, und die Verarbeitung garantiert einen Materialverbrauch, der den Oberfl\u00e4chenschutz gew\u00e4hrleistet.<\/p>\n","protected":false},"excerpt":{"rendered":"<p>Fordern Sie ein Angebot f\u00fcr unsere profilierten Holzsparrenenden an und wir sagen Ihnen, welche L\u00f6sungen wir f\u00fcr die Montage oder das Design anbieten k\u00f6nnen. Wir impr\u00e4gnieren und behandeln das Holz in der von Ihnen gew\u00fcnschten Farbe und liefern es gebrauchsfertig f\u00fcr Ihre Konstruktion. <\/p>\n","protected":false},"featured_media":29265,"comment_status":"closed","ping_status":"closed","template":"","meta":{"_acf_changed":false},"product_brand":[],"product_cat":[2530,2786,2618,2600],"product_tag":[],"class_list":{"0":"post-29264","1":"product","2":"type-product","3":"status-publish","4":"has-post-thumbnail","6":"product_cat-fichtenholz","7":"product_cat-gehobeltes-holz","8":"product_cat-holzbalken-pfosten","9":"product_cat-holzterrassen-balkone","11":"first","12":"instock","13":"taxable","14":"shipping-taxable","15":"purchasable","16":"product-type-simple"},"acf":[],"_links":{"self":[{"href":"https:\/\/enipau.ro\/ch\/wp-json\/wp\/v2\/product\/29264","targetHints":{"allow":["GET"]}}],"collection":[{"href":"https:\/\/enipau.ro\/ch\/wp-json\/wp\/v2\/product"}],"about":[{"href":"https:\/\/enipau.ro\/ch\/wp-json\/wp\/v2\/types\/product"}],"replies":[{"embeddable":true,"href":"https:\/\/enipau.ro\/ch\/wp-json\/wp\/v2\/comments?post=29264"}],"wp:featuredmedia":[{"embeddable":true,"href":"https:\/\/enipau.ro\/ch\/wp-json\/wp\/v2\/media\/29265"}],"wp:attachment":[{"href":"https:\/\/enipau.ro\/ch\/wp-json\/wp\/v2\/media?parent=29264"}],"wp:term":[{"taxonomy":"product_brand","embeddable":true,"href":"https:\/\/enipau.ro\/ch\/wp-json\/wp\/v2\/product_brand?post=29264"},{"taxonomy":"product_cat","embeddable":true,"href":"https:\/\/enipau.ro\/ch\/wp-json\/wp\/v2\/product_cat?post=29264"},{"taxonomy":"product_tag","embeddable":true,"href":"https:\/\/enipau.ro\/ch\/wp-json\/wp\/v2\/product_tag?post=29264"}],"curies":[{"name":"wp","href":"https:\/\/api.w.org\/{rel}","templated":true}]}}