{"id":29280,"date":"2020-05-15T07:59:41","date_gmt":"2020-05-15T07:59:41","guid":{"rendered":"https:\/\/enipau.ro\/produs\/uncategorized\/koeniglicher-profilpfosten-gehobeltes-holz-nadelholz-klasse-a-mit-geraden-seiten-an-der-basis-und-drei-kurven-auf-jeder-seite-fuer-terrassen-pergolen-pavillons-vordaecher\/"},"modified":"2020-05-15T07:59:41","modified_gmt":"2020-05-15T07:59:41","slug":"koeniglicher-profilpfosten-gehobeltes-holz-nadelholz-klasse-a-mit-geraden-seiten-an-der-basis-und-drei-kurven-auf-jeder-seite-fuer-terrassen-pergolen-pavillons-vordaecher","status":"publish","type":"product","link":"https:\/\/enipau.ro\/ch\/produkt\/fichtenholz\/koeniglicher-profilpfosten-gehobeltes-holz-nadelholz-klasse-a-mit-geraden-seiten-an-der-basis-und-drei-kurven-auf-jeder-seite-fuer-terrassen-pergolen-pavillons-vordaecher\/","title":{"rendered":"K\u00f6niglicher Profilpfosten, gehobeltes Holz, Nadelholz, Klasse A, mit geraden Seiten an der Basis und drei Kurven auf jeder Seite, f\u00fcr Terrassen, Pergolen, Pavillons, Vord\u00e4cher"},"content":{"rendered":"<p>Die Royal Profilholzpfosten werden vor allem f\u00fcr Terrassen, Pergolen, Laubeng\u00e4nge und Vord\u00e4cher verwendet. Sie haben ein besonderes Aussehen und ein modernes Design, an der Basis mit geraden bis viertelgewendeten Fl\u00e4chen, von wo aus das Holz ein modernes Design mit drei Kurven auf jeder Fl\u00e4che aufweist. Das Holz ist antiseptisch behandelt, um Sch\u00e4dlinge zu vernichten, und die Verarbeitung garantiert einen Materialverbrauch, der die Oberfl\u00e4che sch\u00fctzt.<\/p>\n","protected":false},"excerpt":{"rendered":"<p>W\u00e4hlen Sie eines der k\u00f6niglichen Profilpfostendesigns aus dem Enipau-Produktkatalog oder fragen Sie uns nach einem einzigartigen Design. Wir impr\u00e4gnieren und behandeln das Holz mit der gew\u00fcnschten Farbe und liefern es gebrauchsfertig f\u00fcr Ihre Konstruktion. <\/p>\n","protected":false},"featured_media":29281,"comment_status":"closed","ping_status":"closed","template":"","meta":{"_acf_changed":false},"product_brand":[],"product_cat":[2530,2786,2618,2600],"product_tag":[],"class_list":{"0":"post-29280","1":"product","2":"type-product","3":"status-publish","4":"has-post-thumbnail","6":"product_cat-fichtenholz","7":"product_cat-gehobeltes-holz","8":"product_cat-holzbalken-pfosten","9":"product_cat-holzterrassen-balkone","11":"first","12":"instock","13":"taxable","14":"shipping-taxable","15":"purchasable","16":"product-type-variable"},"acf":[],"_links":{"self":[{"href":"https:\/\/enipau.ro\/ch\/wp-json\/wp\/v2\/product\/29280","targetHints":{"allow":["GET"]}}],"collection":[{"href":"https:\/\/enipau.ro\/ch\/wp-json\/wp\/v2\/product"}],"about":[{"href":"https:\/\/enipau.ro\/ch\/wp-json\/wp\/v2\/types\/product"}],"replies":[{"embeddable":true,"href":"https:\/\/enipau.ro\/ch\/wp-json\/wp\/v2\/comments?post=29280"}],"wp:featuredmedia":[{"embeddable":true,"href":"https:\/\/enipau.ro\/ch\/wp-json\/wp\/v2\/media\/29281"}],"wp:attachment":[{"href":"https:\/\/enipau.ro\/ch\/wp-json\/wp\/v2\/media?parent=29280"}],"wp:term":[{"taxonomy":"product_brand","embeddable":true,"href":"https:\/\/enipau.ro\/ch\/wp-json\/wp\/v2\/product_brand?post=29280"},{"taxonomy":"product_cat","embeddable":true,"href":"https:\/\/enipau.ro\/ch\/wp-json\/wp\/v2\/product_cat?post=29280"},{"taxonomy":"product_tag","embeddable":true,"href":"https:\/\/enipau.ro\/ch\/wp-json\/wp\/v2\/product_tag?post=29280"}],"curies":[{"name":"wp","href":"https:\/\/api.w.org\/{rel}","templated":true}]}}