{"id":29296,"date":"2020-05-15T07:55:24","date_gmt":"2020-05-15T07:55:24","guid":{"rendered":"https:\/\/enipau.ro\/produs\/uncategorized\/profilpfosten-3-pfosten-gehobeltes-holz-nadelholz-klasse-a-mit-seitenflaechen-in-drei-profilierten-boegen-ohne-kanten-fuer-terrassen-pergolen-pavillons-vordaecher\/"},"modified":"2020-05-15T07:55:24","modified_gmt":"2020-05-15T07:55:24","slug":"profilpfosten-3-pfosten-gehobeltes-holz-nadelholz-klasse-a-mit-seitenflaechen-in-drei-profilierten-boegen-ohne-kanten-fuer-terrassen-pergolen-pavillons-vordaecher","status":"publish","type":"product","link":"https:\/\/enipau.ro\/ch\/produkt\/fichtenholz\/profilpfosten-3-pfosten-gehobeltes-holz-nadelholz-klasse-a-mit-seitenflaechen-in-drei-profilierten-boegen-ohne-kanten-fuer-terrassen-pergolen-pavillons-vordaecher\/","title":{"rendered":"Profilpfosten 3 Pfosten, gehobeltes Holz, Nadelholz, Klasse A, mit Seitenfl\u00e4chen in drei profilierten B\u00f6gen, ohne Kanten, f\u00fcr Terrassen, Pergolen, Pavillons, Vord\u00e4cher"},"content":{"rendered":"<p>Der profilierte Holzpfahl wird haupts\u00e4chlich f\u00fcr Terrassen, Pergolen, Laubeng\u00e4nge und Vord\u00e4cher verwendet. Er hat eine besondere Optik und ein modernes Design mit drei gebogenen, profilierten Seiten ohne Kanten. Das Holz ist antiseptisch behandelt, um Sch\u00e4dlinge zu vernichten, und die Verarbeitung garantiert einen Materialverbrauch, der die Oberfl\u00e4che sch\u00fctzt.<\/p>\n","protected":false},"excerpt":{"rendered":"<p>W\u00e4hlen Sie eines der Profilpfostendesigns aus dem Enipau-Produktkatalog oder fragen Sie uns nach einem einzigartigen Design. Wir impr\u00e4gnieren und behandeln das Holz mit der gew\u00fcnschten Farbe und liefern es gebrauchsfertig f\u00fcr Ihre Konstruktion. <\/p>\n","protected":false},"featured_media":29297,"comment_status":"closed","ping_status":"closed","template":"","meta":{"_acf_changed":false},"product_brand":[],"product_cat":[2530,2786,2618,2600],"product_tag":[],"class_list":{"0":"post-29296","1":"product","2":"type-product","3":"status-publish","4":"has-post-thumbnail","6":"product_cat-fichtenholz","7":"product_cat-gehobeltes-holz","8":"product_cat-holzbalken-pfosten","9":"product_cat-holzterrassen-balkone","11":"first","12":"instock","13":"taxable","14":"shipping-taxable","15":"purchasable","16":"product-type-variable"},"acf":[],"_links":{"self":[{"href":"https:\/\/enipau.ro\/ch\/wp-json\/wp\/v2\/product\/29296","targetHints":{"allow":["GET"]}}],"collection":[{"href":"https:\/\/enipau.ro\/ch\/wp-json\/wp\/v2\/product"}],"about":[{"href":"https:\/\/enipau.ro\/ch\/wp-json\/wp\/v2\/types\/product"}],"replies":[{"embeddable":true,"href":"https:\/\/enipau.ro\/ch\/wp-json\/wp\/v2\/comments?post=29296"}],"wp:featuredmedia":[{"embeddable":true,"href":"https:\/\/enipau.ro\/ch\/wp-json\/wp\/v2\/media\/29297"}],"wp:attachment":[{"href":"https:\/\/enipau.ro\/ch\/wp-json\/wp\/v2\/media?parent=29296"}],"wp:term":[{"taxonomy":"product_brand","embeddable":true,"href":"https:\/\/enipau.ro\/ch\/wp-json\/wp\/v2\/product_brand?post=29296"},{"taxonomy":"product_cat","embeddable":true,"href":"https:\/\/enipau.ro\/ch\/wp-json\/wp\/v2\/product_cat?post=29296"},{"taxonomy":"product_tag","embeddable":true,"href":"https:\/\/enipau.ro\/ch\/wp-json\/wp\/v2\/product_tag?post=29296"}],"curies":[{"name":"wp","href":"https:\/\/api.w.org\/{rel}","templated":true}]}}