{"id":29326,"date":"2020-05-14T15:52:46","date_gmt":"2020-05-14T15:52:46","guid":{"rendered":"https:\/\/enipau.ro\/produs\/uncategorized\/holzzaunelement-5\/"},"modified":"2020-05-14T15:52:46","modified_gmt":"2020-05-14T15:52:46","slug":"holzzaunelement-5","status":"publish","type":"product","link":"https:\/\/enipau.ro\/ch\/produkt\/holzzaunelemente\/holzzaunelement-5\/","title":{"rendered":"Holzzaunelement 5"},"content":{"rendered":"<p>Zur\u00fcck zur Natur! Das Holzzaunelement eignet sich perfekt f\u00fcr Ihren Ferienbau, aber auch f\u00fcr ein modernes Haus in einem Stadtviertel. Das Design Nummer 5, das von unseren Spezialisten ausgew\u00e4hlt wurde, passt mit seiner modernen und raffinierten Konstruktion zu jedem Haus.  <\/p>\n<p><a href=\"https:\/\/enipau.ro\/produse\/panouri-gard-lemn\/\">Sehen Sie sich die gesamte Kollektion an Holzvert\u00e4felungen an<\/a>, die von unseren Spezialisten in Zusammenarbeit mit unseren Lieferanten, die strenge Umweltrichtlinien einhalten, entworfen wurden.<\/p>\n","protected":false},"excerpt":{"rendered":"<p>Die Bohlen dieses Zauns sind aus Fichte, vertikal in doppelter Lage angeordnet und erf\u00fcllen die h\u00f6chsten Qualit\u00e4tsstandards. Alle unsere Produkte sind individuell und handgefertigt, so dass das Holzzaunelement Design Nummer 5 im Vergleich zur Massenproduktion einen einzigartigen Look erh\u00e4lt. Die Farbe wird durch die Art der Behandlung des Holzes bestimmt, die dem Schutz der Umwelt dient.  <\/p>\n","protected":false},"featured_media":29327,"comment_status":"closed","ping_status":"closed","template":"","meta":{"_acf_changed":false},"product_brand":[],"product_cat":[2625,2767],"product_tag":[],"class_list":{"0":"post-29326","1":"product","2":"type-product","3":"status-publish","4":"has-post-thumbnail","6":"product_cat-holzzaunelemente","7":"product_cat-holzzaunpaneele","9":"first","10":"instock","11":"taxable","12":"shipping-taxable","13":"purchasable","14":"product-type-simple"},"acf":[],"_links":{"self":[{"href":"https:\/\/enipau.ro\/ch\/wp-json\/wp\/v2\/product\/29326","targetHints":{"allow":["GET"]}}],"collection":[{"href":"https:\/\/enipau.ro\/ch\/wp-json\/wp\/v2\/product"}],"about":[{"href":"https:\/\/enipau.ro\/ch\/wp-json\/wp\/v2\/types\/product"}],"replies":[{"embeddable":true,"href":"https:\/\/enipau.ro\/ch\/wp-json\/wp\/v2\/comments?post=29326"}],"wp:featuredmedia":[{"embeddable":true,"href":"https:\/\/enipau.ro\/ch\/wp-json\/wp\/v2\/media\/29327"}],"wp:attachment":[{"href":"https:\/\/enipau.ro\/ch\/wp-json\/wp\/v2\/media?parent=29326"}],"wp:term":[{"taxonomy":"product_brand","embeddable":true,"href":"https:\/\/enipau.ro\/ch\/wp-json\/wp\/v2\/product_brand?post=29326"},{"taxonomy":"product_cat","embeddable":true,"href":"https:\/\/enipau.ro\/ch\/wp-json\/wp\/v2\/product_cat?post=29326"},{"taxonomy":"product_tag","embeddable":true,"href":"https:\/\/enipau.ro\/ch\/wp-json\/wp\/v2\/product_tag?post=29326"}],"curies":[{"name":"wp","href":"https:\/\/api.w.org\/{rel}","templated":true}]}}