{"id":29337,"date":"2020-05-14T15:51:54","date_gmt":"2020-05-14T15:51:54","guid":{"rendered":"https:\/\/enipau.ro\/produs\/uncategorized\/holzzaunelement-4\/"},"modified":"2020-05-14T15:51:54","modified_gmt":"2020-05-14T15:51:54","slug":"holzzaunelement-4","status":"publish","type":"product","link":"https:\/\/enipau.ro\/ch\/produkt\/holzzaunelemente\/holzzaunelement-4\/","title":{"rendered":"Holzzaunelement 4"},"content":{"rendered":"<p>Durch das pr\u00e4zise Zusammenf\u00fcgen der Bretter wird eine Abschirmung vom Alltagsl\u00e4rm erreicht und die Sicht nach innen verhindert. Fichtenholz verleiht jedem Haus mit seinem einfachen und nat\u00fcrlichen Design Eleganz. Fichtenholz ist die beste, wirtschaftlichste und freundlichste Wahl.  <\/p>\n<p>Das Design dieses Zauns ist darauf ausgerichtet, Ihr Eigentum zu sch\u00fctzen und Ihr Haus oder Ihren Garten zu umschlie\u00dfen. Au\u00dferdem bietet er einen luftigen Look, obwohl er keinen Einblick in das Innere des Grundst\u00fccks zul\u00e4sst und leicht zu pflegen ist. <a href=\"https:\/\/enipau.ro\/produse\/panouri-gard-lemn\/\">Sehen Sie hier alle Zaundesigns<\/a>!<\/p>\n","protected":false},"excerpt":{"rendered":"<p>Dank des verwendeten Nadelholzes erh\u00f6ht sich seine Widerstandsf\u00e4higkeit im Laufe der Zeit und Sie k\u00f6nnen es auch streichen, was vor Schimmel sch\u00fctzt. Dieser Zaun im Ranch-Stil ist nicht sehr hoch, l\u00e4sst sich leicht montieren und hat einen minimalistischen Look, perfekt f\u00fcr ein Haus in den Bergen oder in der Stadt. <\/p>\n","protected":false},"featured_media":29338,"comment_status":"closed","ping_status":"closed","template":"","meta":{"_acf_changed":false},"product_brand":[],"product_cat":[2625,2767],"product_tag":[],"class_list":{"0":"post-29337","1":"product","2":"type-product","3":"status-publish","4":"has-post-thumbnail","6":"product_cat-holzzaunelemente","7":"product_cat-holzzaunpaneele","9":"first","10":"instock","11":"taxable","12":"shipping-taxable","13":"purchasable","14":"product-type-simple"},"acf":[],"_links":{"self":[{"href":"https:\/\/enipau.ro\/ch\/wp-json\/wp\/v2\/product\/29337","targetHints":{"allow":["GET"]}}],"collection":[{"href":"https:\/\/enipau.ro\/ch\/wp-json\/wp\/v2\/product"}],"about":[{"href":"https:\/\/enipau.ro\/ch\/wp-json\/wp\/v2\/types\/product"}],"replies":[{"embeddable":true,"href":"https:\/\/enipau.ro\/ch\/wp-json\/wp\/v2\/comments?post=29337"}],"wp:featuredmedia":[{"embeddable":true,"href":"https:\/\/enipau.ro\/ch\/wp-json\/wp\/v2\/media\/29338"}],"wp:attachment":[{"href":"https:\/\/enipau.ro\/ch\/wp-json\/wp\/v2\/media?parent=29337"}],"wp:term":[{"taxonomy":"product_brand","embeddable":true,"href":"https:\/\/enipau.ro\/ch\/wp-json\/wp\/v2\/product_brand?post=29337"},{"taxonomy":"product_cat","embeddable":true,"href":"https:\/\/enipau.ro\/ch\/wp-json\/wp\/v2\/product_cat?post=29337"},{"taxonomy":"product_tag","embeddable":true,"href":"https:\/\/enipau.ro\/ch\/wp-json\/wp\/v2\/product_tag?post=29337"}],"curies":[{"name":"wp","href":"https:\/\/api.w.org\/{rel}","templated":true}]}}